{"id":5180,"date":"2016-03-07T22:45:21","date_gmt":"2016-03-07T21:45:21","guid":{"rendered":"https:\/\/www.ridingtuscany.com\/de\/?page_id=5180"},"modified":"2023-05-09T11:41:05","modified_gmt":"2023-05-09T10:41:05","slug":"unterkunft","status":"publish","type":"page","link":"https:\/\/www.ridingtuscany.com\/de\/unterkunft\/","title":{"rendered":"Wo man \u00fcbernachten kann"},"content":{"rendered":"<div class=\"wpb-content-wrapper\"><p>[vc_section full_height=&#8220;yes&#8220; css=&#8220;.vc_custom_1589387651709{background-image: url(https:\/\/www.ridingtuscany.com\/wp-content\/uploads\/2015\/06\/B4111714.jpg?id=4317) !important;background-position: center !important;background-repeat: no-repeat !important;background-size: cover !important;}&#8220;][vc_row][vc_column][vc_column_text]<img loading=\"lazy\" decoding=\"async\" class=\"aligncenter wp-image-5435 size-medium\" src=\"https:\/\/www.ridingtuscany.com\/wp-content\/uploads\/2016\/04\/logo-1-300x127.png\" alt=\"\" width=\"300\" height=\"127\" srcset=\"https:\/\/www.ridingtuscany.com\/wp-content\/uploads\/2016\/04\/logo-1-300x127.png 300w, https:\/\/www.ridingtuscany.com\/wp-content\/uploads\/2016\/04\/logo-1-768x326.png 768w, https:\/\/www.ridingtuscany.com\/wp-content\/uploads\/2016\/04\/logo-1.png 872w\" sizes=\"auto, (max-width: 300px) 100vw, 300px\" \/><\/p>\n<p style=\"text-align: center; font-size: 40px; color: #663300;\"><strong>Unterkunft<\/strong><\/p>\n<p style=\"text-align: center; font-size: 18px; color: #663300; padding-top: 0; padding-bottom: 30px; margin-top: -20px;\"><em>La dolce vita in Toscana<\/em><\/p>\n<p>[\/vc_column_text][vc_btn title=&#8220;www.belmontevacanze.com&#8220; color=&#8220;orange&#8220; align=&#8220;center&#8220; i_align=&#8220;right&#8220; i_icon_fontawesome=&#8220;fas fa-caret-right&#8220; add_icon=&#8220;true&#8220; link=&#8220;url:https%3A%2F%2Fwww.belmontevacanze.com%2F||target:%20_blank|&#8220;][\/vc_column][\/vc_row][\/vc_section][vc_row bg_type=&#8220;no_bg&#8220; css=&#8220;.vc_custom_1433691428262{padding-top: 60px !important;padding-bottom: 60px !important;}&#8220;][vc_column]<div id=\"ultimate-heading-668869fc926b7c326\" class=\"uvc-heading ult-adjust-bottom-margin ultimate-heading-668869fc926b7c326 uvc-8635 \" data-hspacer=\"line_with_icon\" data-hline_width=\"auto\" data-hicon_type=\"selector\" data-hborder_style=\"solid\" data-hborder_height=\"1\" data-hborder_color=\"#a7781d\" data-icon_width=\"16\" data-hfixer=\"10\"  data-halign=\"center\" style=\"text-align:center\"><div class=\"uvc-heading-spacer line_with_icon\" style=\"margin-bottom:20px;height:16px;\"><div class=\"ult-just-icon-wrapper  \"><div class=\"align-icon\" style=\"text-align:center;\">\n<div class=\"aio-icon none \"  style=\"color:#a7781d;font-size:16px;display:inline-block;\">\n\t<i class=\"Defaults-bookmark-o\"><\/i>\n<\/div><\/div><\/div><\/div><div class=\"uvc-main-heading ult-responsive\"  data-ultimate-target='.uvc-heading.ultimate-heading-668869fc926b7c326 h3'  data-responsive-json-new='{\"font-size\":\"\",\"line-height\":\"\"}' ><h3 style=\"font-weight:normal;\">Unser Agriturismo mit Reiterhof, im Herzen der wahrhaft unverf\u00e4lschten Toskana<\/h3><\/div><div class=\"uvc-sub-heading ult-responsive\"  data-ultimate-target='.uvc-heading.ultimate-heading-668869fc926b7c326 .uvc-sub-heading '  data-responsive-json-new='{\"font-size\":\"\",\"line-height\":\"\"}'  style=\"font-weight:normal;\"><strong>Montaione<\/strong> ist ein kleines Dorf im Herzen der wahrhaft unverf\u00e4lschten Toskana, ein Land das Karten und Reisef\u00fchrern entkommt. In diesem Ort der Ruhe, nur wenige Kilometer von <strong>San Gimignano<\/strong> und <strong>Volterra <\/strong>entfernt, treffen Sie auf den <strong>Agriturismo mit Reiterhof der Toskana Belmonte Vacanze<\/strong>.<\/p>\n<p>Kommen Sie und lernen Sie unsere Pferde kennen \u2013 das eine sanftm\u00fctiger als das andere \u2013 und unsere Trainerin Airin, die den Ranch Riding Tuscany leitet. Wir werden Sie im 200 Hektar gro\u00dfen Park um den Pferdehof unseres Agriturismo \u00fcber etliche, erstaunliche Strecken f\u00fchren. <strong>Sie werden jeden Tag ein neues St\u00fcckchen Toskana kennen lernen. Und Sie werden nie genug davon haben! <\/strong><\/div><\/div>[\/vc_column][\/vc_row][vc_row bg_type=&#8220;no_bg&#8220; css=&#8220;.vc_custom_1433705914304{padding-top: 50px !important;padding-bottom: 80px !important;}&#8220;][vc_column width=&#8220;1\/2&#8243;][vc_single_image image=&#8220;6673&#8243; img_size=&#8220;full&#8220;]<div id=\"ultimate-heading-616969fc926b7c493\" class=\"uvc-heading ult-adjust-bottom-margin ultimate-heading-616969fc926b7c493 uvc-4802 \" data-hspacer=\"line_only\"  data-halign=\"center\" style=\"text-align:center\"><div class=\"uvc-heading-spacer line_only\" style=\"margin-bottom:37px;height:2px;\"><span class=\"uvc-headings-line\" style=\"border-style:solid;border-bottom-width:2px;border-color:#a7781d;width:autopx;\"><\/span><\/div><\/div>[vc_single_image image=&#8220;6767&#8243; img_size=&#8220;full&#8220;]<div id=\"ultimate-heading-825669fc926b7c50d\" class=\"uvc-heading ult-adjust-bottom-margin ultimate-heading-825669fc926b7c50d uvc-1472 \" data-hspacer=\"line_only\"  data-halign=\"center\" style=\"text-align:center\"><div class=\"uvc-heading-spacer line_only\" style=\"margin-bottom:37px;height:2px;\"><span class=\"uvc-headings-line\" style=\"border-style:solid;border-bottom-width:2px;border-color:#a7781d;width:autopx;\"><\/span><\/div><\/div>[vc_single_image image=&#8220;6890&#8243; img_size=&#8220;full&#8220;][\/vc_column][vc_column width=&#8220;1\/4&#8243;][vc_gallery type=&#8220;image_grid&#8220; images=&#8220;6693,6708,6720,6735,6745,6821&#8243; img_size=&#8220;258&#215;171&#8243;][\/vc_column][vc_column width=&#8220;1\/4&#8243;][vc_gallery type=&#8220;image_grid&#8220; images=&#8220;6698,6703,6725,6740,6755,6841&#8243; img_size=&#8220;258&#215;171&#8243;][\/vc_column][\/vc_row][vc_row bg_type=&#8220;bg_color&#8220; bg_override=&#8220;0&#8243; bg_color_value=&#8220;#ebe4d5&#8243; css=&#8220;.vc_custom_1433705526426{padding-top: 50px !important;padding-bottom: 50px !important;}&#8220;][vc_column]<div id=\"ultimate-heading-321869fc926b7c55f\" class=\"uvc-heading ult-adjust-bottom-margin ultimate-heading-321869fc926b7c55f uvc-872 \" data-hspacer=\"no_spacer\"  data-halign=\"center\" style=\"text-align:center\"><div class=\"uvc-heading-spacer no_spacer\" style=\"top\"><\/div><div class=\"uvc-main-heading ult-responsive\"  data-ultimate-target='.uvc-heading.ultimate-heading-321869fc926b7c55f h2'  data-responsive-json-new='{\"font-size\":\"\",\"line-height\":\"\"}' ><h2 style=\"font-weight:normal;\">Die Ferienwohnungen unseres Agriturismo mit Pferden sind ein wahres Toskana-Konzentrat<\/h2><\/div><div class=\"uvc-sub-heading ult-responsive\"  data-ultimate-target='.uvc-heading.ultimate-heading-321869fc926b7c55f .uvc-sub-heading '  data-responsive-json-new='{\"font-size\":\"\",\"line-height\":\"\"}'  style=\"font-weight:normal;\">Wenn Sie die Toskana als Ziel Ihres Reiturlaubs ausgesucht haben, gibt es f\u00fcr Sie keine bessere Wahl als den Agriturismo Belmonte Vacanze in Montaione, das Anwesen beim Ranch Riding Tuscany. Romantische Holzbalken, gro\u00dfz\u00fcgiger Raum zum spielen und entspannen sowie handwerkliche Holzm\u00f6bel, die an den Stil der antiken, toskanischen Landg\u00fcter erinnern. Und vor Ihrem Fenster eine <strong>tr\u00e4umerische Landschaft aus H\u00fcgeln und Olivenhainen, Weinbergen und Pfaden<\/strong>, die von hier aus bis nach <strong>Volterra und San Gimignano <\/strong>reichen. All das erwartet Sie in den <strong>Ferienwohnungen des Agriturismo mit Reiterhof Belmonte Vacanze in Montaione, Toskana<\/strong>. Ein kleiner Traum wird wahr.<\/p>\n<p><a class=\"stm_button_link\" style=\"font-weight: 400; font-style: italic; border-style: solid; outline-style: solid; margin-top: 12px;\" href=\"http:\/\/www.belmontevacanze.com\/de\/\"><span class=\"stm_button-link_text\">Entdecken Sie unsere Urlaubsangebote<\/span><\/a><\/div><\/div><div class=\"ult-spacer spacer-69fc926b7c5da\" data-id=\"69fc926b7c5da\" data-height=\"30\" data-height-mobile=\"20\" data-height-tab=\"30\" data-height-tab-portrait=\"20\" data-height-mobile-landscape=\"20\" style=\"clear:both;display:block;\"><\/div>[vc_gallery type=&#8220;image_grid&#8220; images=&#8220;4934,4932,4930,4928&#8243; img_size=&#8220;258&#215;171&#8243;]<div class=\"ult-spacer spacer-69fc926b7c60c\" data-id=\"69fc926b7c60c\" data-height=\"30\" data-height-mobile=\"20\" data-height-tab=\"30\" data-height-tab-portrait=\"20\" data-height-mobile-landscape=\"20\" style=\"clear:both;display:block;\"><\/div><div id=\"ultimate-heading-474369fc926b7c643\" class=\"uvc-heading ult-adjust-bottom-margin ultimate-heading-474369fc926b7c643 uvc-4889 \" data-hspacer=\"no_spacer\"  data-halign=\"center\" style=\"text-align:center\"><div class=\"uvc-heading-spacer no_spacer\" style=\"top\"><\/div><div class=\"uvc-main-heading ult-responsive\"  data-ultimate-target='.uvc-heading.ultimate-heading-474369fc926b7c643 h2'  data-responsive-json-new='{\"font-size\":\"\",\"line-height\":\"\"}' ><h2 style=\"font-weight:normal;\">Ein Panorama-Schwimmbad das Herz und Fantasie h\u00f6her schlagen l\u00e4sst<\/h2><\/div><div class=\"uvc-sub-heading ult-responsive\"  data-ultimate-target='.uvc-heading.ultimate-heading-474369fc926b7c643 .uvc-sub-heading '  data-responsive-json-new='{\"font-size\":\"\",\"line-height\":\"\"}'  style=\"font-weight:normal;\">Kein Agriturismo mit Pferdehof in Montaione bietet ein Panorama-Schwimmbad das mit dem des Agriturismo Belmonte Vacanze vergleichbar ist. Kommen Sie, um zu entdecken was es f\u00fcr sich hat umgeben von wilder Natur zu schwimmen, zwischen Gew\u00fcrzpflanzen und jahrhundertalten Olivenb\u00e4umen. Vielleicht am Besten bei Sonnenuntergang, wenn sich die traumhafte Landschaft der toskanischen H\u00fcgel rosa f\u00e4rbt und Sie um sich nur die Stille des Abends zu sp\u00fcren bekommen.<\/p>\n<p><a class=\"stm_button_link\" style=\"font-weight: 400; font-style: italic; border-style: solid; outline-style: solid; margin-top: 12px;\" href=\"http:\/\/www.belmontevacanze.com\/de\/\"><span class=\"stm_button-link_text\">Entdecken Sie unsere Urlaubsangebote<\/span><\/a><\/div><\/div>[vc_gallery interval=&#8220;3&#8243; images=&#8220;4963,4965,4967,4969&#8243; img_size=&#8220;800&#215;600&#8243;][\/vc_column][\/vc_row][vc_row gap=&#8220;10&#8243;][vc_column]<div id=\"ultimate-heading-750969fc926b7c6b6\" class=\"uvc-heading ult-adjust-bottom-margin ultimate-heading-750969fc926b7c6b6 uvc-8242 \" data-hspacer=\"no_spacer\"  data-halign=\"center\" style=\"text-align:center\"><div class=\"uvc-heading-spacer no_spacer\" style=\"top\"><\/div><div class=\"uvc-main-heading ult-responsive\"  data-ultimate-target='.uvc-heading.ultimate-heading-750969fc926b7c6b6 h2'  data-responsive-json-new='{\"font-size\":\"\",\"line-height\":\"\"}' ><h2 style=\"font-weight:normal;\">Preise<\/h2><\/div><\/div><div class=\"stm_dish has-photo\"><div class=\"stm_dish_in\"><div class=\"stm_dish-column __small\"><div class=\"stm_dish-column_in\"><img loading=\"lazy\" decoding=\"async\" width=\"80\" height=\"80\" src=\"https:\/\/www.ridingtuscany.com\/wp-content\/uploads\/2020\/11\/font.block_.3-1030x687-1-80x80.jpg\" class=\"stm_dish_photo wp-post-image\" alt=\"\" srcset=\"https:\/\/www.ridingtuscany.com\/wp-content\/uploads\/2020\/11\/font.block_.3-1030x687-1-80x80.jpg 80w, https:\/\/www.ridingtuscany.com\/wp-content\/uploads\/2020\/11\/font.block_.3-1030x687-1-150x150.jpg 150w, https:\/\/www.ridingtuscany.com\/wp-content\/uploads\/2020\/11\/font.block_.3-1030x687-1-450x450.jpg 450w\" sizes=\"auto, (max-width: 80px) 100vw, 80px\" \/><div class=\"sdish-photo_overlay\"><div class=\"sdish-overlay_table\"><a href=https:\/\/www.ridingtuscany.com\/wp-content\/uploads\/2020\/11\/font.block_.3-1030x687-1.jpg class=\"sdish-overlay_cell stm_dish-photo_link js-fancybox\"><svg version=\"1.1\" xmlns=\"http:\/\/www.w3.org\/2000\/svg\" xmlns:xlink=\"http:\/\/www.w3.org\/1999\/xlink\" x=\"0px\" y=\"0px\" width=\"22px\" height=\"22px\"\n\t\t\t\t\t\t\t\t\t\t viewBox=\"0 0 22 22\" enable-background=\"new 0 0 22 22\" xml:space=\"preserve\">\n\t\t\t\t\t\t\t\t\t\t<g>\n\t\t\t\t\t\t\t\t\t\t\t<g>\n\t\t\t\t\t\t\t\t\t\t\t\t<path fill=\"#FFFFFF\" d=\"M6.962,12.328l-3.928,4.074l-2.64-3.268v8.47h8.445l-3.258-2.647l4.063-3.94L6.962,12.328z M13.162,0.396\n\t\t\t\t\t\t\t\t\t\t\t\t\tl3.222,2.616l-4.06,3.938l2.68,2.688l3.932-4.076l2.671,3.303v-8.47H13.162z\"\/>\n\t\t\t\t\t\t\t\t\t\t\t<\/g>\n\t\t\t\t\t\t\t\t\t\t<\/g>\n\t\t\t\t\t\t\t\t\t<\/svg><\/a><\/div><\/div><\/div><\/div><div class=\"stm_dish-column __large\"><div class=\"stm_dish-header\"><span class=\"stm_dish_name\">Reitwoche<\/span><span class=\"stm_dots\"><\/span><span class=\"stm_dish_cost\">ab 1190\u20ac f\u00fcr 2 Personen <\/span><\/div><div class=\"stm_dish-content\">7 \u00dcbernachtungen in einer Zweizimmerwohnung im Bauernhaus Belmonte Vacanze; 3 Tage Trekking von 1,5 Stunden pro Tag zu Pferd pro Person f\u00fcr insgesamt 9 Stunden)<\/div><\/div><\/div><\/div><div class=\"stm_dish has-photo\"><div class=\"stm_dish_in\"><div class=\"stm_dish-column __small\"><div class=\"stm_dish-column_in\"><img loading=\"lazy\" decoding=\"async\" width=\"80\" height=\"80\" src=\"https:\/\/www.ridingtuscany.com\/wp-content\/uploads\/2020\/11\/panorama-Belmonte-vacanze-1030x579-1-80x80.jpg\" class=\"stm_dish_photo wp-post-image\" alt=\"\" srcset=\"https:\/\/www.ridingtuscany.com\/wp-content\/uploads\/2020\/11\/panorama-Belmonte-vacanze-1030x579-1-80x80.jpg 80w, https:\/\/www.ridingtuscany.com\/wp-content\/uploads\/2020\/11\/panorama-Belmonte-vacanze-1030x579-1-150x150.jpg 150w, https:\/\/www.ridingtuscany.com\/wp-content\/uploads\/2020\/11\/panorama-Belmonte-vacanze-1030x579-1-450x450.jpg 450w\" sizes=\"auto, (max-width: 80px) 100vw, 80px\" \/><div class=\"sdish-photo_overlay\"><div class=\"sdish-overlay_table\"><a href=https:\/\/www.ridingtuscany.com\/wp-content\/uploads\/2020\/11\/panorama-Belmonte-vacanze-1030x579-1.jpg class=\"sdish-overlay_cell stm_dish-photo_link js-fancybox\"><svg version=\"1.1\" xmlns=\"http:\/\/www.w3.org\/2000\/svg\" xmlns:xlink=\"http:\/\/www.w3.org\/1999\/xlink\" x=\"0px\" y=\"0px\" width=\"22px\" height=\"22px\"\n\t\t\t\t\t\t\t\t\t\t viewBox=\"0 0 22 22\" enable-background=\"new 0 0 22 22\" xml:space=\"preserve\">\n\t\t\t\t\t\t\t\t\t\t<g>\n\t\t\t\t\t\t\t\t\t\t\t<g>\n\t\t\t\t\t\t\t\t\t\t\t\t<path fill=\"#FFFFFF\" d=\"M6.962,12.328l-3.928,4.074l-2.64-3.268v8.47h8.445l-3.258-2.647l4.063-3.94L6.962,12.328z M13.162,0.396\n\t\t\t\t\t\t\t\t\t\t\t\t\tl3.222,2.616l-4.06,3.938l2.68,2.688l3.932-4.076l2.671,3.303v-8.47H13.162z\"\/>\n\t\t\t\t\t\t\t\t\t\t\t<\/g>\n\t\t\t\t\t\t\t\t\t\t<\/g>\n\t\t\t\t\t\t\t\t\t<\/svg><\/a><\/div><\/div><\/div><\/div><div class=\"stm_dish-column __large\"><div class=\"stm_dish-header\"><span class=\"stm_dish_name\">Enogastronomie-Wochenende<\/span><span class=\"stm_dots\"><\/span><span class=\"stm_dish_cost\">ab 490\u20ac f\u00fcr 2 Personen <\/span><\/div><div class=\"stm_dish-content\">2 \u00dcbernachtungen in einer Wohnung im Bauernhaus Belmonte Vacanze; 1 Stunde Trekking f\u00fcr 2 Personen; 2 typisch toskanische Fr\u00fchst\u00fcck und Abendessen f\u00fcr beide Tage im Bauernrestaurant (min.2 Personen)<\/div><\/div><\/div><\/div><div class=\"stm_dish has-photo\"><div class=\"stm_dish_in\"><div class=\"stm_dish-column __small\"><div class=\"stm_dish-column_in\"><img loading=\"lazy\" decoding=\"async\" width=\"80\" height=\"80\" src=\"https:\/\/www.ridingtuscany.com\/wp-content\/uploads\/2015\/05\/tuscany.farm_.holidays-1-80x80.jpg\" class=\"stm_dish_photo wp-post-image\" alt=\"\" srcset=\"https:\/\/www.ridingtuscany.com\/wp-content\/uploads\/2015\/05\/tuscany.farm_.holidays-1-80x80.jpg 80w, https:\/\/www.ridingtuscany.com\/wp-content\/uploads\/2015\/05\/tuscany.farm_.holidays-1-150x150.jpg 150w, https:\/\/www.ridingtuscany.com\/wp-content\/uploads\/2015\/05\/tuscany.farm_.holidays-1-450x450.jpg 450w\" sizes=\"auto, (max-width: 80px) 100vw, 80px\" \/><div class=\"sdish-photo_overlay\"><div class=\"sdish-overlay_table\"><a href=https:\/\/www.ridingtuscany.com\/wp-content\/uploads\/2015\/05\/tuscany.farm_.holidays-1.jpg class=\"sdish-overlay_cell stm_dish-photo_link js-fancybox\"><svg version=\"1.1\" xmlns=\"http:\/\/www.w3.org\/2000\/svg\" xmlns:xlink=\"http:\/\/www.w3.org\/1999\/xlink\" x=\"0px\" y=\"0px\" width=\"22px\" height=\"22px\"\n\t\t\t\t\t\t\t\t\t\t viewBox=\"0 0 22 22\" enable-background=\"new 0 0 22 22\" xml:space=\"preserve\">\n\t\t\t\t\t\t\t\t\t\t<g>\n\t\t\t\t\t\t\t\t\t\t\t<g>\n\t\t\t\t\t\t\t\t\t\t\t\t<path fill=\"#FFFFFF\" d=\"M6.962,12.328l-3.928,4.074l-2.64-3.268v8.47h8.445l-3.258-2.647l4.063-3.94L6.962,12.328z M13.162,0.396\n\t\t\t\t\t\t\t\t\t\t\t\t\tl3.222,2.616l-4.06,3.938l2.68,2.688l3.932-4.076l2.671,3.303v-8.47H13.162z\"\/>\n\t\t\t\t\t\t\t\t\t\t\t<\/g>\n\t\t\t\t\t\t\t\t\t\t<\/g>\n\t\t\t\t\t\t\t\t\t<\/svg><\/a><\/div><\/div><\/div><\/div><div class=\"stm_dish-column __large\"><div class=\"stm_dish-header\"><span class=\"stm_dish_name\">Enogastronomie-Woche<\/span><span class=\"stm_dots\"><\/span><span class=\"stm_dish_cost\">ab 1790\u20ac f\u00fcr 2 Personen <\/span><\/div><div class=\"stm_dish-content\">7 \u00dcbernachtungen in einer Wohnung im Bauernhaus Belmonte Vacanze; 3 Tage Trekking (1,5 Stunden pro Tag zu Pferd f\u00fcr insgesamt 9 Stunden); Halbpension (Fr\u00fchst\u00fcck und Abendessen mit einem typisch toskanischen Men\u00fc) im Belmonte Restaurant (mindestens 2 Personen).<\/div><\/div><\/div><\/div><\/div>[\/vc_column][\/vc_row]<\/p>\n<\/div>","protected":false},"excerpt":{"rendered":"<p>[vc_section full_height=&#8220;yes&#8220; css=&#8220;.vc_custom_1589387651709{background-image: url(https:\/\/www.ridingtuscany.com\/wp-content\/uploads\/2015\/06\/B4111714.jpg?id=4317) !important;background-position: center !important;background-repeat: no-repeat !important;background-size: cover !important;}&#8220;][vc_row][vc_column][vc_column_text] Unterkunft La dolce vita in Toscana [\/vc_column_text][vc_btn title=&#8220;www.belmontevacanze.com&#8220; color=&#8220;orange&#8220; [&hellip;]<\/p>\n","protected":false},"author":2,"featured_media":0,"parent":0,"menu_order":0,"comment_status":"closed","ping_status":"open","template":"","meta":{"footnotes":""},"class_list":["post-5180","page","type-page","status-publish","hentry","comments-closed"],"_links":{"self":[{"href":"https:\/\/www.ridingtuscany.com\/de\/wp-json\/wp\/v2\/pages\/5180\/"}],"collection":[{"href":"https:\/\/www.ridingtuscany.com\/de\/wp-json\/wp\/v2\/pages\/"}],"about":[{"href":"https:\/\/www.ridingtuscany.com\/de\/wp-json\/wp\/v2\/types\/page\/"}],"author":[{"embeddable":true,"href":"https:\/\/www.ridingtuscany.com\/de\/wp-json\/wp\/v2\/users\/2\/"}],"replies":[{"embeddable":true,"href":"https:\/\/www.ridingtuscany.com\/de\/wp-json\/wp\/v2\/comments\/?post=5180"}],"version-history":[{"count":14,"href":"https:\/\/www.ridingtuscany.com\/de\/wp-json\/wp\/v2\/pages\/5180\/revisions\/"}],"predecessor-version":[{"id":7805,"href":"https:\/\/www.ridingtuscany.com\/de\/wp-json\/wp\/v2\/pages\/5180\/revisions\/7805\/"}],"wp:attachment":[{"href":"https:\/\/www.ridingtuscany.com\/de\/wp-json\/wp\/v2\/media\/?parent=5180"}],"curies":[{"name":"wp","href":"https:\/\/api.w.org\/{rel}","templated":true}]}}