{"id":5058,"date":"2016-03-03T21:01:14","date_gmt":"2016-03-03T20:01:14","guid":{"rendered":"https:\/\/www.ridingtuscany.com\/fr\/?page_id=5058"},"modified":"2025-05-13T13:23:52","modified_gmt":"2025-05-13T12:23:52","slug":"tours","status":"publish","type":"page","link":"https:\/\/www.ridingtuscany.com\/fr\/tours\/","title":{"rendered":"Randonn\u00e9es \u00e0 Cheval"},"content":{"rendered":"<div class=\"wpb-content-wrapper\"><p>[vc_row bg_type=\u00a0\u00bbbg_color\u00a0\u00bb bg_override=\u00a0\u00bbex-full\u00a0\u00bb css=\u00a0\u00bb.vc_custom_1420629489209{padding-top: 100px !important;padding-bottom: 60px !important;}\u00a0\u00bb stm_row_separator_repeat=\u00a0\u00bbrepeat\u00a0\u00bb bg_color_value=\u00a0\u00bb#ffffff\u00a0\u00bb][vc_column width=\u00a0\u00bb1\/2&Prime;]<div id=\"ultimate-heading-54086a073523737c9\" class=\"uvc-heading ult-adjust-bottom-margin ultimate-heading-54086a073523737c9 uvc-3679 \" data-hspacer=\"no_spacer\"  data-halign=\"center\" style=\"text-align:center\"><div class=\"uvc-heading-spacer no_spacer\" style=\"top\"><\/div><div class=\"uvc-main-heading ult-responsive\"  data-ultimate-target='.uvc-heading.ultimate-heading-54086a073523737c9 h2'  data-responsive-json-new='{\"font-size\":\"desktop:60px;\",\"line-height\":\"desktop:54px;\"}' ><h2 style=\"font-weight:normal;color:#000000;margin-bottom:24px;\">Promenades, randonn\u00e9es et tours \u00e0 cheval pour profiter de la nature de la Toscane<\/h2><\/div><div class=\"uvc-sub-heading ult-responsive\"  data-ultimate-target='.uvc-heading.ultimate-heading-54086a073523737c9 .uvc-sub-heading '  data-responsive-json-new='{\"font-size\":\"desktop:14px;\",\"line-height\":\"desktop:24px;\"}'  style=\"font-weight:normal;color:#000000;\">D\u00e9couvrir la Toscane \u00e0 cheval est <strong>une exp\u00e9rience que tout le monde devrait essayer au moins une fois dans la vie<\/strong>. Trouver le bon rythme en harmonie avec votre cheval, respirer profond\u00e9ment l&rsquo;air pur de la campagne, galoper \u00e0 toute vitesse entre les collines labour\u00e9s ou le long de vives champs de tournesol.<\/p>\n<p>Au Ranch <strong>Riding Tuscany de l\u2019Agritourisme Belmonte Vacanze \u00e0 Montaione<\/strong>, entre San Gimignano et Volterra, vous trouverez un cadre magnifique, et les chevaux sp\u00e9ciaux de nos \u00e9curies.<\/div><\/div>[\/vc_column][vc_column width=\u00a0\u00bb1\/2&Prime;][vc_single_image image=\u00a0\u00bb6043&Prime; img_size=\u00a0\u00bb570&#215;400&Prime; alignment=\u00a0\u00bbcenter\u00a0\u00bb][\/vc_column][\/vc_row][vc_row stm_row_separator_top=\u00a0\u00bbenable\u00a0\u00bb stm_row_separator_top_color=\u00a0\u00bb#ebe4d5&Prime; bg_type=\u00a0\u00bbbg_color\u00a0\u00bb bg_override=\u00a0\u00bbex-full\u00a0\u00bb stm_row_separator_repeat=\u00a0\u00bbrepeat\u00a0\u00bb bg_color_value=\u00a0\u00bb#ebe4d5&Prime; css=\u00a0\u00bb.vc_custom_1422598340576{padding-top: 100px !important;padding-bottom: 83px !important;}\u00a0\u00bb][vc_column width=\u00a0\u00bb1\/2&Prime;][vc_gallery type=\u00a0\u00bbnivo\u00a0\u00bb interval=\u00a0\u00bb0&Prime; images=\u00a0\u00bb6104,6099,6094&Prime; img_size=\u00a0\u00bb570&#215;400&Prime; el_class=\u00a0\u00bbdisable-caption\u00a0\u00bb][\/vc_column][vc_column width=\u00a0\u00bb1\/2&Prime;]<div id=\"ultimate-heading-50526a07352373952\" class=\"uvc-heading ult-adjust-bottom-margin ultimate-heading-50526a07352373952 uvc-423 \" data-hspacer=\"no_spacer\"  data-halign=\"center\" style=\"text-align:center\"><div class=\"uvc-heading-spacer no_spacer\" style=\"top\"><\/div><div class=\"uvc-main-heading ult-responsive\"  data-ultimate-target='.uvc-heading.ultimate-heading-50526a07352373952 h2'  data-responsive-json-new='{\"font-size\":\"desktop:60px;\",\"line-height\":\"desktop:54px;\"}' ><h2 style=\"font-weight:normal;color:#000000;margin-bottom:25px;\">\u00c9quitation pour les experts et les d\u00e9butants<\/h2><\/div><div class=\"uvc-sub-heading ult-responsive\"  data-ultimate-target='.uvc-heading.ultimate-heading-50526a07352373952 .uvc-sub-heading '  data-responsive-json-new='{\"font-size\":\"desktop:14px;\",\"line-height\":\"desktop:24px;\"}'  style=\"font-weight:normal;color:#000000;\"><strong>1 heure de pure beaut\u00e9 \u00e0 vivre \u00e0 cheval<\/strong>: excursions faciles \u00e0 cheval dans les collines verdoyantes de Montaione, dans les spectaculaires 200 hectares de notre ferme.<\/p>\n<p>Parcours de faible difficult\u00e9 adapt\u00e9 \u00e0 tous, m\u00eame aux d\u00e9butants. Si vous n&rsquo;y \u00eates jamais all\u00e9, ne vous inqui\u00e9tez pas, avant la promenade vous serez accompagn\u00e9 par l&rsquo;un de nos moniteurs qui pourra vous donner les informations n\u00e9cessaires pour pouvoir g\u00e9rer votre cheval de mani\u00e8re autonome pendant la promenade.<\/p>\n<p><em>(Les promenades \u00e0 cheval sont disponibles \u00e0 partir de 14 ans)<\/em><\/div><\/div>[\/vc_column][\/vc_row][vc_row bg_type=\u00a0\u00bbimage\u00a0\u00bb parallax_style=\u00a0\u00bbvcpb-vz-jquery\u00a0\u00bb bg_image_new=\u00a0\u00bb4039&Prime; bg_image_repeat=\u00a0\u00bbno-repeat\u00a0\u00bb bg_image_size=\u00a0\u00bbcover\u00a0\u00bb bg_img_attach=\u00a0\u00bbfixed\u00a0\u00bb parallax_sense=\u00a0\u00bb8&Prime; bg_override=\u00a0\u00bbex-full\u00a0\u00bb disable_on_mobile_img_parallax=\u00a0\u00bbdisable_on_mobile_img_parallax_value\u00a0\u00bb enable_overlay=\u00a0\u00bbenable_overlay_value\u00a0\u00bb overlay_color=\u00a0\u00bb#000000&Prime; overlay_pattern_opacity=\u00a0\u00bb80&Prime; overlay_pattern_attachment=\u00a0\u00bbfixed\u00a0\u00bb seperator_enable=\u00a0\u00bboff\u00a0\u00bb css=\u00a0\u00bb.vc_custom_1428787100826{padding-top: 89px !important;padding-bottom: 100px !important;}\u00a0\u00bb stm_row_separator_repeat=\u00a0\u00bbrepeat\u00a0\u00bb][vc_column]<div id=\"ultimate-heading-95526a073523739ec\" class=\"uvc-heading ult-adjust-bottom-margin ultimate-heading-95526a073523739ec uvc-6448 style_light\" data-hspacer=\"line_only\"  data-halign=\"center\" style=\"text-align:center\"><div class=\"uvc-main-heading ult-responsive\"  data-ultimate-target='.uvc-heading.ultimate-heading-95526a073523739ec h2'  data-responsive-json-new='{\"font-size\":\"\",\"line-height\":\"\"}' ><h2 style=\"font-weight:normal;color:#ffffff;margin-bottom:24px;\">Aventure \u00e0 cheval sur les collines dor\u00e9es de la Toscane<\/h2><\/div><div class=\"uvc-heading-spacer line_only\" style=\"margin-bottom:55px;height:1px;\"><span class=\"uvc-headings-line\" style=\"border-style:solid;border-bottom-width:1px;border-color:#d3bc8e;width:autopx;\"><\/span><\/div><\/div><div class=\"stm_dish-recipe\"><div class=\"stm_drecipe_header\"><h3 class=\"stm_drecipe_name\">Randonn\u00e9es \u00e0 cheval en Toscane<\/h3><\/div><div class=\"stm_drecipe_content\"><div class=\"stm_drecipe_picture\"><div class=\"stm_drecipe_figure\" style=\"background-image: url(https:\/\/www.ridingtuscany.com\/wp-content\/uploads\/2015\/03\/fotoclub-a-cavallo-57.jpg);\"><\/div><div class=\"stm_drecipe_figure_decor\"><div class=\"stm_drfigure_decor_in\"><\/div><\/div><a href=\"\" class=\"stm_drecipe_link\"><i class=\"fa fa-video-camera\"><\/i><\/a><\/div>\n\t\t<div class=\"stm_drecipe_description\">\n\t\t\t<p>Voulez-vous d\u00e9couvrir la Toscane parmi les plus beaux sentiers autour de San Gimignano et Volterra? Le centre \u00e9questre Ranch Riding Tuscany \u00e0 Montaione a pr\u00e9vu <strong>pour vous de nombreux sentiers de randonn\u00e9e \u00e0 cheval de diff\u00e9rents dur\u00e9es<\/strong>. Chaque promenade \u00e0 cheval est suivie par <strong>un ou deux op\u00e9rateur \u00e0 pie <\/strong>pour vous assurer la s\u00e9curit\u00e9 maximale.<\/p>\n<p>&nbsp;<\/p>\n<ul>\n<li><strong>Randonn\u00e9e \u00e0 cheval de 1 heure:<\/strong> Une balade simple et agr\u00e9able autour du centre \u00e9questre sur les cr\u00eates des collines de Montaione. Convient \u00e9galement aux premi\u00e8res exp\u00e9riences \u00e0 partir de 14 ans.<\/li>\n<\/ul>\n<p>&nbsp;<\/p>\n<ul>\n<li><strong>Randonn\u00e9e \u00e0 cheval de 1 heure et demie sur les collines<\/strong>: Randonn\u00e9e sur les collines autour du centre \u00e9questre. Une agr\u00e9able randonn\u00e9e \u00e0 cheval, o\u00f9 vous pourrez m\u00eame apercevoir de magnifiques animaux sauvages (oiseaux tels que des h\u00e9rons et des faisans, des li\u00e8vres, des chevreuils et des sangliers). Visite adapt\u00e9e aux experts et aux personnes de 14 ans et plus.<\/li>\n<\/ul>\n<p>&nbsp;<\/p>\n<ul>\n<li><strong>Randonn\u00e9e \u00e0 cheval de 2 heures sur les collines:<\/strong> Randonn\u00e9e sur les collines de Peccioli. Vous traverserez un ruisseau et pourrez observer la faune locale. Circuit adapt\u00e9 aux experts de 14 ans et plus et \u00e0 ceux qui ont l&rsquo;habitude de passer beaucoup de temps \u00e0 cheval.<\/li>\n<\/ul>\n<p>&nbsp;<\/p>\n<ul>\n<li><strong>Randonn\u00e9es \u00e0 cheval oenogastronomiques<\/strong>: Pour les experts de 14 ans et plus, nous proposons une randonn\u00e9e \u00e0 cheval d&rsquo;une heure qui comprend une d\u00e9licieuse d\u00e9gustation au restaurant de la ferme Belmonte Vacanze \u00e0 base de produits locaux, des conseils de cuisine toscane, accompagn\u00e9s d&rsquo;un excellent verre de vin toscan.\n<div class=\"dish_small-separator\"><\/div>\n<\/li>\n<\/ul>\n\n\t\t<\/div><\/div><\/div>[\/vc_column][\/vc_row][vc_row bg_type=\u00a0\u00bbbg_color\u00a0\u00bb bg_override=\u00a0\u00bb0&Prime; bg_color_value=\u00a0\u00bb#ebe4d5&Prime; css=\u00a0\u00bb.vc_custom_1428787141675{padding-top: 40px !important;}\u00a0\u00bb][vc_column]<div id=\"ultimate-heading-97046a073523758e1\" class=\"uvc-heading ult-adjust-bottom-margin ultimate-heading-97046a073523758e1 uvc-5124 \" data-hspacer=\"no_spacer\"  data-halign=\"center\" style=\"text-align:center\"><div class=\"uvc-heading-spacer no_spacer\" style=\"top\"><\/div><div class=\"uvc-main-heading ult-responsive\"  data-ultimate-target='.uvc-heading.ultimate-heading-97046a073523758e1 h2'  data-responsive-json-new='{\"font-size\":\"\",\"line-height\":\"\"}' ><h2 style=\"font-weight:normal;\">Prix<\/h2><\/div><div class=\"uvc-sub-heading ult-responsive\"  data-ultimate-target='.uvc-heading.ultimate-heading-97046a073523758e1 .uvc-sub-heading '  data-responsive-json-new='{\"font-size\":\"\",\"line-height\":\"\"}'  style=\"font-weight:normal;\"><br \/>\n<\/div><\/div><div class=\"stm_dish has-photo\"><div class=\"stm_dish_in\"><div class=\"stm_dish-column __small\"><div class=\"stm_dish-column_in\"><img loading=\"lazy\" decoding=\"async\" width=\"80\" height=\"80\" src=\"https:\/\/www.ridingtuscany.com\/wp-content\/uploads\/2017\/02\/fotoclub-a-cavallo-61-80x80.jpg\" class=\"stm_dish_photo wp-post-image\" alt=\"\" srcset=\"https:\/\/www.ridingtuscany.com\/wp-content\/uploads\/2017\/02\/fotoclub-a-cavallo-61-80x80.jpg 80w, https:\/\/www.ridingtuscany.com\/wp-content\/uploads\/2017\/02\/fotoclub-a-cavallo-61-150x150.jpg 150w, https:\/\/www.ridingtuscany.com\/wp-content\/uploads\/2017\/02\/fotoclub-a-cavallo-61-450x450.jpg 450w\" sizes=\"auto, (max-width: 80px) 100vw, 80px\" \/><div class=\"sdish-photo_overlay\"><div class=\"sdish-overlay_table\"><a href=https:\/\/www.ridingtuscany.com\/wp-content\/uploads\/2017\/02\/fotoclub-a-cavallo-61.jpg class=\"sdish-overlay_cell stm_dish-photo_link js-fancybox\"><svg version=\"1.1\" xmlns=\"http:\/\/www.w3.org\/2000\/svg\" xmlns:xlink=\"http:\/\/www.w3.org\/1999\/xlink\" x=\"0px\" y=\"0px\" width=\"22px\" height=\"22px\"\n\t\t\t\t\t\t\t\t\t\t viewBox=\"0 0 22 22\" enable-background=\"new 0 0 22 22\" xml:space=\"preserve\">\n\t\t\t\t\t\t\t\t\t\t<g>\n\t\t\t\t\t\t\t\t\t\t\t<g>\n\t\t\t\t\t\t\t\t\t\t\t\t<path fill=\"#FFFFFF\" d=\"M6.962,12.328l-3.928,4.074l-2.64-3.268v8.47h8.445l-3.258-2.647l4.063-3.94L6.962,12.328z M13.162,0.396\n\t\t\t\t\t\t\t\t\t\t\t\t\tl3.222,2.616l-4.06,3.938l2.68,2.688l3.932-4.076l2.671,3.303v-8.47H13.162z\"\/>\n\t\t\t\t\t\t\t\t\t\t\t<\/g>\n\t\t\t\t\t\t\t\t\t\t<\/g>\n\t\t\t\t\t\t\t\t\t<\/svg><\/a><\/div><\/div><\/div><\/div><div class=\"stm_dish-column __large\"><div class=\"stm_dish-header\"><span class=\"stm_dish_name\">Randonn\u00e9e 1 heure<\/span><span class=\"stm_dots\"><\/span><span class=\"stm_dish_cost\"> 45\u20ac par personne<\/span><\/div><div class=\"stm_dish-content\">1 heure de promenade \u00e0 cheval \u00e0 partir de 14 ans adapt\u00e9e aux cavaliers d\u00e9butants qui ne sont pas capables de g\u00e9rer le cheval de mani\u00e8re autonome, avec un parcours qui part de la ferme Belmonte Vacanze et traverse les collines environnantes.<\/div><\/div><\/div><\/div><div class=\"stm_dish has-photo\"><div class=\"stm_dish_in\"><div class=\"stm_dish-column __small\"><div class=\"stm_dish-column_in\"><img loading=\"lazy\" decoding=\"async\" width=\"80\" height=\"80\" src=\"https:\/\/www.ridingtuscany.com\/wp-content\/uploads\/2017\/02\/fotoclub-a-cavallo-61-80x80.jpg\" class=\"stm_dish_photo wp-post-image\" alt=\"\" srcset=\"https:\/\/www.ridingtuscany.com\/wp-content\/uploads\/2017\/02\/fotoclub-a-cavallo-61-80x80.jpg 80w, https:\/\/www.ridingtuscany.com\/wp-content\/uploads\/2017\/02\/fotoclub-a-cavallo-61-150x150.jpg 150w, https:\/\/www.ridingtuscany.com\/wp-content\/uploads\/2017\/02\/fotoclub-a-cavallo-61-450x450.jpg 450w\" sizes=\"auto, (max-width: 80px) 100vw, 80px\" \/><div class=\"sdish-photo_overlay\"><div class=\"sdish-overlay_table\"><a href=https:\/\/www.ridingtuscany.com\/wp-content\/uploads\/2017\/02\/fotoclub-a-cavallo-61.jpg class=\"sdish-overlay_cell stm_dish-photo_link js-fancybox\"><svg version=\"1.1\" xmlns=\"http:\/\/www.w3.org\/2000\/svg\" xmlns:xlink=\"http:\/\/www.w3.org\/1999\/xlink\" x=\"0px\" y=\"0px\" width=\"22px\" height=\"22px\"\n\t\t\t\t\t\t\t\t\t\t viewBox=\"0 0 22 22\" enable-background=\"new 0 0 22 22\" xml:space=\"preserve\">\n\t\t\t\t\t\t\t\t\t\t<g>\n\t\t\t\t\t\t\t\t\t\t\t<g>\n\t\t\t\t\t\t\t\t\t\t\t\t<path fill=\"#FFFFFF\" d=\"M6.962,12.328l-3.928,4.074l-2.64-3.268v8.47h8.445l-3.258-2.647l4.063-3.94L6.962,12.328z M13.162,0.396\n\t\t\t\t\t\t\t\t\t\t\t\t\tl3.222,2.616l-4.06,3.938l2.68,2.688l3.932-4.076l2.671,3.303v-8.47H13.162z\"\/>\n\t\t\t\t\t\t\t\t\t\t\t<\/g>\n\t\t\t\t\t\t\t\t\t\t<\/g>\n\t\t\t\t\t\t\t\t\t<\/svg><\/a><\/div><\/div><\/div><\/div><div class=\"stm_dish-column __large\"><div class=\"stm_dish-header\"><span class=\"stm_dish_name\">Randonn\u00e9e 1 heure<\/span><span class=\"stm_dots\"><\/span><span class=\"stm_dish_cost\"> 45\u20ac par personne<\/span><\/div><div class=\"stm_dish-content\">1 heure de promenade \u00e0 cheval \u00e0 partir de 14 ans adapt\u00e9e aux cavaliers d\u00e9butants qui ne sont pas capables de g\u00e9rer le cheval de mani\u00e8re autonome, avec un parcours qui part de la ferme Belmonte Vacanze et traverse les collines environnantes.<\/div><\/div><\/div><\/div><div class=\"stm_dish has-photo\"><div class=\"stm_dish_in\"><div class=\"stm_dish-column __small\"><div class=\"stm_dish-column_in\"><img loading=\"lazy\" decoding=\"async\" width=\"80\" height=\"80\" src=\"https:\/\/www.ridingtuscany.com\/wp-content\/uploads\/2020\/11\/WhatsApp-Image-2020-11-03-at-12.34.42-80x80.jpeg\" class=\"stm_dish_photo wp-post-image\" alt=\"\" srcset=\"https:\/\/www.ridingtuscany.com\/wp-content\/uploads\/2020\/11\/WhatsApp-Image-2020-11-03-at-12.34.42-80x80.jpeg 80w, https:\/\/www.ridingtuscany.com\/wp-content\/uploads\/2020\/11\/WhatsApp-Image-2020-11-03-at-12.34.42-150x150.jpeg 150w, https:\/\/www.ridingtuscany.com\/wp-content\/uploads\/2020\/11\/WhatsApp-Image-2020-11-03-at-12.34.42-450x450.jpeg 450w\" sizes=\"auto, (max-width: 80px) 100vw, 80px\" \/><div class=\"sdish-photo_overlay\"><div class=\"sdish-overlay_table\"><a href=https:\/\/www.ridingtuscany.com\/wp-content\/uploads\/2020\/11\/WhatsApp-Image-2020-11-03-at-12.34.42.jpeg class=\"sdish-overlay_cell stm_dish-photo_link js-fancybox\"><svg version=\"1.1\" xmlns=\"http:\/\/www.w3.org\/2000\/svg\" xmlns:xlink=\"http:\/\/www.w3.org\/1999\/xlink\" x=\"0px\" y=\"0px\" width=\"22px\" height=\"22px\"\n\t\t\t\t\t\t\t\t\t\t viewBox=\"0 0 22 22\" enable-background=\"new 0 0 22 22\" xml:space=\"preserve\">\n\t\t\t\t\t\t\t\t\t\t<g>\n\t\t\t\t\t\t\t\t\t\t\t<g>\n\t\t\t\t\t\t\t\t\t\t\t\t<path fill=\"#FFFFFF\" d=\"M6.962,12.328l-3.928,4.074l-2.64-3.268v8.47h8.445l-3.258-2.647l4.063-3.94L6.962,12.328z M13.162,0.396\n\t\t\t\t\t\t\t\t\t\t\t\t\tl3.222,2.616l-4.06,3.938l2.68,2.688l3.932-4.076l2.671,3.303v-8.47H13.162z\"\/>\n\t\t\t\t\t\t\t\t\t\t\t<\/g>\n\t\t\t\t\t\t\t\t\t\t<\/g>\n\t\t\t\t\t\t\t\t\t<\/svg><\/a><\/div><\/div><\/div><\/div><div class=\"stm_dish-column __large\"><div class=\"stm_dish-header\"><span class=\"stm_dish_name\">Randonn\u00e9e de 1 heure et demie\u00a0<\/span><span class=\"stm_dots\"><\/span><span class=\"stm_dish_cost\"> 60\u20ac par personne<\/span><\/div><div class=\"stm_dish-content\">Randonn\u00e9e de 1 heure et demie\u00a0 \u00e0 chevaladapt\u00e9e aux cavaliers exp\u00e9riment\u00e9s, capables de g\u00e9rer le cheval de mani\u00e8re autonome, avec un parcours qui part de la ferme Belmonte Vacanze et traverse les collines environnantes.<\/div><\/div><\/div><\/div><div class=\"stm_dish has-photo\"><div class=\"stm_dish_in\"><div class=\"stm_dish-column __small\"><div class=\"stm_dish-column_in\"><img loading=\"lazy\" decoding=\"async\" width=\"80\" height=\"80\" src=\"https:\/\/www.ridingtuscany.com\/wp-content\/uploads\/2020\/11\/WhatsApp-Image-2020-06-09-at-22.07.28-80x80.jpeg\" class=\"stm_dish_photo wp-post-image\" alt=\"\" srcset=\"https:\/\/www.ridingtuscany.com\/wp-content\/uploads\/2020\/11\/WhatsApp-Image-2020-06-09-at-22.07.28-80x80.jpeg 80w, https:\/\/www.ridingtuscany.com\/wp-content\/uploads\/2020\/11\/WhatsApp-Image-2020-06-09-at-22.07.28-150x150.jpeg 150w, https:\/\/www.ridingtuscany.com\/wp-content\/uploads\/2020\/11\/WhatsApp-Image-2020-06-09-at-22.07.28-450x450.jpeg 450w\" sizes=\"auto, (max-width: 80px) 100vw, 80px\" \/><div class=\"sdish-photo_overlay\"><div class=\"sdish-overlay_table\"><a href=https:\/\/www.ridingtuscany.com\/wp-content\/uploads\/2020\/11\/WhatsApp-Image-2020-06-09-at-22.07.28.jpeg class=\"sdish-overlay_cell stm_dish-photo_link js-fancybox\"><svg version=\"1.1\" xmlns=\"http:\/\/www.w3.org\/2000\/svg\" xmlns:xlink=\"http:\/\/www.w3.org\/1999\/xlink\" x=\"0px\" y=\"0px\" width=\"22px\" height=\"22px\"\n\t\t\t\t\t\t\t\t\t\t viewBox=\"0 0 22 22\" enable-background=\"new 0 0 22 22\" xml:space=\"preserve\">\n\t\t\t\t\t\t\t\t\t\t<g>\n\t\t\t\t\t\t\t\t\t\t\t<g>\n\t\t\t\t\t\t\t\t\t\t\t\t<path fill=\"#FFFFFF\" d=\"M6.962,12.328l-3.928,4.074l-2.64-3.268v8.47h8.445l-3.258-2.647l4.063-3.94L6.962,12.328z M13.162,0.396\n\t\t\t\t\t\t\t\t\t\t\t\t\tl3.222,2.616l-4.06,3.938l2.68,2.688l3.932-4.076l2.671,3.303v-8.47H13.162z\"\/>\n\t\t\t\t\t\t\t\t\t\t\t<\/g>\n\t\t\t\t\t\t\t\t\t\t<\/g>\n\t\t\t\t\t\t\t\t\t<\/svg><\/a><\/div><\/div><\/div><\/div><div class=\"stm_dish-column __large\"><div class=\"stm_dish-header\"><span class=\"stm_dish_name\">Randonn\u00e9e de 2 heures\u00a0<\/span><span class=\"stm_dots\"><\/span><span class=\"stm_dish_cost\"> 75\u20ac par personne<\/span><\/div><div class=\"stm_dish-content\">Randonn\u00e9e de 2 heures \u00e0 cheval adapt\u00e9e aux cavaliers exp\u00e9riment\u00e9s, capables de g\u00e9rer le cheval de mani\u00e8re autonome et habitu\u00e9s aux longues promenades \u00e0 cheval sur des chemins de terre, avec un parcours qui part de la ferme Belmonte Vacanze et traverse les collines environnantes.<\/div><\/div><\/div><\/div><div class=\"stm_dish has-photo has-sticky\"><div class=\"stm_dish_in\"><div class=\"stm_dish-column __small\"><div class=\"stm_dish-column_in\"><div class=\"stm_dish_sticker\"><span class=\"dish-sticker_text\">y compris la d\u00e9gustation<\/span><\/div><img loading=\"lazy\" decoding=\"async\" width=\"80\" height=\"80\" src=\"https:\/\/www.ridingtuscany.com\/wp-content\/uploads\/2020\/11\/116236288_10158249903428819_6739476394525061804_o-80x80.jpg\" class=\"stm_dish_photo wp-post-image\" alt=\"\" srcset=\"https:\/\/www.ridingtuscany.com\/wp-content\/uploads\/2020\/11\/116236288_10158249903428819_6739476394525061804_o-80x80.jpg 80w, https:\/\/www.ridingtuscany.com\/wp-content\/uploads\/2020\/11\/116236288_10158249903428819_6739476394525061804_o-150x150.jpg 150w, https:\/\/www.ridingtuscany.com\/wp-content\/uploads\/2020\/11\/116236288_10158249903428819_6739476394525061804_o-450x450.jpg 450w\" sizes=\"auto, (max-width: 80px) 100vw, 80px\" \/><div class=\"sdish-photo_overlay\"><div class=\"sdish-overlay_table\"><a href=https:\/\/www.ridingtuscany.com\/wp-content\/uploads\/2020\/11\/116236288_10158249903428819_6739476394525061804_o.jpg class=\"sdish-overlay_cell stm_dish-photo_link js-fancybox\"><svg version=\"1.1\" xmlns=\"http:\/\/www.w3.org\/2000\/svg\" xmlns:xlink=\"http:\/\/www.w3.org\/1999\/xlink\" x=\"0px\" y=\"0px\" width=\"22px\" height=\"22px\"\n\t\t\t\t\t\t\t\t\t\t viewBox=\"0 0 22 22\" enable-background=\"new 0 0 22 22\" xml:space=\"preserve\">\n\t\t\t\t\t\t\t\t\t\t<g>\n\t\t\t\t\t\t\t\t\t\t\t<g>\n\t\t\t\t\t\t\t\t\t\t\t\t<path fill=\"#FFFFFF\" d=\"M6.962,12.328l-3.928,4.074l-2.64-3.268v8.47h8.445l-3.258-2.647l4.063-3.94L6.962,12.328z M13.162,0.396\n\t\t\t\t\t\t\t\t\t\t\t\t\tl3.222,2.616l-4.06,3.938l2.68,2.688l3.932-4.076l2.671,3.303v-8.47H13.162z\"\/>\n\t\t\t\t\t\t\t\t\t\t\t<\/g>\n\t\t\t\t\t\t\t\t\t\t<\/g>\n\t\t\t\t\t\t\t\t\t<\/svg><\/a><\/div><\/div><\/div><\/div><div class=\"stm_dish-column __large\"><div class=\"stm_dish-header\"><span class=\"stm_dish_name\">Randonn\u00e9e 1 heure avec d\u00e9gustation de produits typiques<\/span><span class=\"stm_dots\"><\/span><span class=\"stm_dish_cost\"> 65\u20ac par personne<\/span><\/div><div class=\"stm_dish-content\"><div class=\"stm_dish has-photo\">\r\n<div class=\"stm_dish_in\">\r\n<div class=\"stm_dish-column __large\">\r\n<div class=\"stm_dish-content\">\r\n<div>1 heure de promenade \u00e0 cheval adapt\u00e9e aux cavaliers d\u00e9butants qui ne sont pas capables de g\u00e9rer le cheval de mani\u00e8re autonome, avec un parcours qui part de la ferme Belmonte Vacanze et traverse les collines environnantes. Le tour se termine avec une d\u00e9gustation de produits typiques toscans accompagn\u00e9e d'un excellent verre de vin rouge. Disponible pour un minimum de 2 personnes, sous r\u00e9serve de disponibilit\u00e9 du restaurant.<\/div>\r\n<\/div>\r\n<\/div>\r\n<\/div>\r\n<\/div><\/div><\/div><\/div><\/div><\/div>[\/vc_column][\/vc_row]<\/p>\n<\/div>","protected":false},"excerpt":{"rendered":"<p>[vc_row bg_type=\u00a0\u00bbbg_color\u00a0\u00bb bg_override=\u00a0\u00bbex-full\u00a0\u00bb css=\u00a0\u00bb.vc_custom_1420629489209{padding-top: 100px !important;padding-bottom: 60px !important;}\u00a0\u00bb stm_row_separator_repeat=\u00a0\u00bbrepeat\u00a0\u00bb bg_color_value=\u00a0\u00bb#ffffff\u00a0\u00bb][vc_column width=\u00a0\u00bb1\/2&Prime;][\/vc_column][vc_column width=\u00a0\u00bb1\/2&Prime;][vc_single_image image=\u00a0\u00bb6043&Prime; img_size=\u00a0\u00bb570&#215;400&Prime; alignment=\u00a0\u00bbcenter\u00a0\u00bb][\/vc_column][\/vc_row][vc_row stm_row_separator_top=\u00a0\u00bbenable\u00a0\u00bb stm_row_separator_top_color=\u00a0\u00bb#ebe4d5&Prime; bg_type=\u00a0\u00bbbg_color\u00a0\u00bb bg_override=\u00a0\u00bbex-full\u00a0\u00bb stm_row_separator_repeat=\u00a0\u00bbrepeat\u00a0\u00bb [&hellip;]<\/p>\n","protected":false},"author":1,"featured_media":5152,"parent":0,"menu_order":0,"comment_status":"closed","ping_status":"closed","template":"","meta":{"footnotes":""},"class_list":["post-5058","page","type-page","status-publish","has-post-thumbnail","hentry","has-thumbnail","comments-closed"],"_links":{"self":[{"href":"https:\/\/www.ridingtuscany.com\/fr\/wp-json\/wp\/v2\/pages\/5058\/"}],"collection":[{"href":"https:\/\/www.ridingtuscany.com\/fr\/wp-json\/wp\/v2\/pages\/"}],"about":[{"href":"https:\/\/www.ridingtuscany.com\/fr\/wp-json\/wp\/v2\/types\/page\/"}],"author":[{"embeddable":true,"href":"https:\/\/www.ridingtuscany.com\/fr\/wp-json\/wp\/v2\/users\/1\/"}],"replies":[{"embeddable":true,"href":"https:\/\/www.ridingtuscany.com\/fr\/wp-json\/wp\/v2\/comments\/?post=5058"}],"version-history":[{"count":14,"href":"https:\/\/www.ridingtuscany.com\/fr\/wp-json\/wp\/v2\/pages\/5058\/revisions\/"}],"predecessor-version":[{"id":8137,"href":"https:\/\/www.ridingtuscany.com\/fr\/wp-json\/wp\/v2\/pages\/5058\/revisions\/8137\/"}],"wp:featuredmedia":[{"embeddable":true,"href":"https:\/\/www.ridingtuscany.com\/fr\/wp-json\/wp\/v2\/media\/5152\/"}],"wp:attachment":[{"href":"https:\/\/www.ridingtuscany.com\/fr\/wp-json\/wp\/v2\/media\/?parent=5058"}],"curies":[{"name":"wp","href":"https:\/\/api.w.org\/{rel}","templated":true}]}}