{"id":5072,"date":"2016-03-03T21:17:05","date_gmt":"2016-03-03T20:17:05","guid":{"rendered":"https:\/\/www.ridingtuscany.com\/fr\/?page_id=5072"},"modified":"2023-05-10T12:58:20","modified_gmt":"2023-05-10T11:58:20","slug":"ou-dormir","status":"publish","type":"page","link":"https:\/\/www.ridingtuscany.com\/fr\/ou-dormir\/","title":{"rendered":"O\u00f9 dormir"},"content":{"rendered":"<div class=\"wpb-content-wrapper\"><p>[vc_section full_height=\u00a0\u00bbyes\u00a0\u00bb css=\u00a0\u00bb.vc_custom_1610621550796{background-image: url(https:\/\/www.ridingtuscany.com\/wp-content\/uploads\/2015\/05\/apartments.jpg?id=5074) !important;background-position: center !important;background-repeat: no-repeat !important;background-size: cover !important;}\u00a0\u00bb][vc_row][vc_column][vc_column_text]<img loading=\"lazy\" decoding=\"async\" class=\"aligncenter wp-image-5435 size-medium\" src=\"https:\/\/www.ridingtuscany.com\/wp-content\/uploads\/2016\/04\/logo-1-300x127.png\" alt=\"\" width=\"300\" height=\"127\" srcset=\"https:\/\/www.ridingtuscany.com\/wp-content\/uploads\/2016\/04\/logo-1-300x127.png 300w, https:\/\/www.ridingtuscany.com\/wp-content\/uploads\/2016\/04\/logo-1-768x326.png 768w, https:\/\/www.ridingtuscany.com\/wp-content\/uploads\/2016\/04\/logo-1.png 872w\" sizes=\"auto, (max-width: 300px) 100vw, 300px\" \/><\/p>\n<p style=\"text-align: center; font-size: 40px; color: #663300;\"><strong>O\u00f9 dormir<\/strong><\/p>\n<p style=\"text-align: center; font-size: 18px; color: #663300; padding-top: 0; padding-bottom: 30px; margin-top: -20px;\"><em>La dolce vita in Toscana<\/em><\/p>\n<p>[\/vc_column_text][vc_btn title=\u00a0\u00bbwww.belmontevacanze.com\u00a0\u00bb color=\u00a0\u00bborange\u00a0\u00bb align=\u00a0\u00bbcenter\u00a0\u00bb i_align=\u00a0\u00bbright\u00a0\u00bb i_icon_fontawesome=\u00a0\u00bbfas fa-caret-right\u00a0\u00bb add_icon=\u00a0\u00bbtrue\u00a0\u00bb link=\u00a0\u00bburl:https%3A%2F%2Fwww.belmontevacanze.com%2F||target:%20_blank|\u00a0\u00bb][\/vc_column][\/vc_row][\/vc_section][vc_row bg_type=\u00a0\u00bbno_bg\u00a0\u00bb css=\u00a0\u00bb.vc_custom_1433691428262{padding-top: 60px !important;padding-bottom: 60px !important;}\u00a0\u00bb][vc_column]<div id=\"ultimate-heading-744869fc92ea52a6f\" class=\"uvc-heading ult-adjust-bottom-margin ultimate-heading-744869fc92ea52a6f uvc-9895 \" data-hspacer=\"line_with_icon\" data-hline_width=\"auto\" data-hicon_type=\"selector\" data-hborder_style=\"solid\" data-hborder_height=\"1\" data-hborder_color=\"#a7781d\" data-icon_width=\"16\" data-hfixer=\"10\"  data-halign=\"center\" style=\"text-align:center\"><div class=\"uvc-heading-spacer line_with_icon\" style=\"margin-bottom:20px;height:16px;\"><div class=\"ult-just-icon-wrapper  \"><div class=\"align-icon\" style=\"text-align:center;\">\n<div class=\"aio-icon none \"  style=\"color:#a7781d;font-size:16px;display:inline-block;\">\n\t<i class=\"Defaults-bookmark-o\"><\/i>\n<\/div><\/div><\/div><\/div><div class=\"uvc-main-heading ult-responsive\"  data-ultimate-target='.uvc-heading.ultimate-heading-744869fc92ea52a6f h3'  data-responsive-json-new='{\"font-size\":\"\",\"line-height\":\"\"}' ><h3 style=\"font-weight:normal;\">Notre ferme avec centre \u00e9questre dans le c\u0153ur de la Toscane la plus authentique<\/h3><\/div><div class=\"uvc-sub-heading ult-responsive\"  data-ultimate-target='.uvc-heading.ultimate-heading-744869fc92ea52a6f .uvc-sub-heading '  data-responsive-json-new='{\"font-size\":\"\",\"line-height\":\"\"}'  style=\"font-weight:normal;\"><strong>Montaione<\/strong> est un petit village au c\u0153ur de la Toscane la plus authentique, difficile \u00e0 trouver sur les cartes g\u00e9ographiques et normalement pas pr\u00e9sent dans les guides touristiques. Dans ce coin de paix, \u00e0 seulement quelques kilom\u00e8tres de <strong>San Gimignano<\/strong> et <strong>Volterra<\/strong>, vous trouverez <strong>la ferme avec centre \u00e9questre en Toscane Belmonte Vacanze<\/strong>.<\/p>\n<p>Venez conna\u00eetre nos chevaux &#8211; plus doux les uns que les autres &#8211; et Alice, notre monitrice d\u2019\u00e9quitation, qui dirige le Ranch Riding Tuscany. Nous allons vous accompagner le long d&rsquo;un mille incroyables voyages dans le parc de 200 hectares, qui entoure les \u00e9curies de notre ferme. <strong>Chaque jour, vous allez d\u00e9couvrir un nouveau coin de Toscane. Et vous n\u2019en aurez jamais assez!<\/strong><\/div><\/div>[\/vc_column][\/vc_row][vc_row bg_type=\u00a0\u00bbno_bg\u00a0\u00bb css=\u00a0\u00bb.vc_custom_1433705914304{padding-top: 50px !important;padding-bottom: 80px !important;}\u00a0\u00bb][vc_column width=\u00a0\u00bb1\/2&Prime;][vc_single_image image=\u00a0\u00bb6672&Prime; img_size=\u00a0\u00bbfull\u00a0\u00bb]<div id=\"ultimate-heading-515069fc92ea52c4a\" class=\"uvc-heading ult-adjust-bottom-margin ultimate-heading-515069fc92ea52c4a uvc-471 \" data-hspacer=\"line_only\"  data-halign=\"center\" style=\"text-align:center\"><div class=\"uvc-heading-spacer line_only\" style=\"margin-bottom:37px;height:2px;\"><span class=\"uvc-headings-line\" style=\"border-style:solid;border-bottom-width:2px;border-color:#a7781d;width:autopx;\"><\/span><\/div><\/div>[vc_single_image image=\u00a0\u00bb6766&Prime; img_size=\u00a0\u00bbfull\u00a0\u00bb]<div id=\"ultimate-heading-208769fc92ea52cf5\" class=\"uvc-heading ult-adjust-bottom-margin ultimate-heading-208769fc92ea52cf5 uvc-1291 \" data-hspacer=\"line_only\"  data-halign=\"center\" style=\"text-align:center\"><div class=\"uvc-heading-spacer line_only\" style=\"margin-bottom:37px;height:2px;\"><span class=\"uvc-headings-line\" style=\"border-style:solid;border-bottom-width:2px;border-color:#a7781d;width:autopx;\"><\/span><\/div><\/div>[vc_single_image image=\u00a0\u00bb6889&Prime; img_size=\u00a0\u00bbfull\u00a0\u00bb][\/vc_column][vc_column width=\u00a0\u00bb1\/4&Prime;][vc_gallery type=\u00a0\u00bbimage_grid\u00a0\u00bb images=\u00a0\u00bb6692,6707,6719,6734,6744,6820&Prime; img_size=\u00a0\u00bb258&#215;171&Prime;][\/vc_column][vc_column width=\u00a0\u00bb1\/4&Prime;][vc_gallery type=\u00a0\u00bbimage_grid\u00a0\u00bb images=\u00a0\u00bb6697,6702,6724,6739,6754,6840&Prime; img_size=\u00a0\u00bb258&#215;171&Prime;][\/vc_column][\/vc_row][vc_row bg_type=\u00a0\u00bbbg_color\u00a0\u00bb bg_override=\u00a0\u00bb0&Prime; bg_color_value=\u00a0\u00bb#ebe4d5&Prime; css=\u00a0\u00bb.vc_custom_1433705526426{padding-top: 50px !important;padding-bottom: 50px !important;}\u00a0\u00bb][vc_column]<div id=\"ultimate-heading-970369fc92ea52d91\" class=\"uvc-heading ult-adjust-bottom-margin ultimate-heading-970369fc92ea52d91 uvc-7978 \" data-hspacer=\"no_spacer\"  data-halign=\"center\" style=\"text-align:center\"><div class=\"uvc-heading-spacer no_spacer\" style=\"top\"><\/div><div class=\"uvc-main-heading ult-responsive\"  data-ultimate-target='.uvc-heading.ultimate-heading-970369fc92ea52d91 h2'  data-responsive-json-new='{\"font-size\":\"\",\"line-height\":\"\"}' ><h2 style=\"font-weight:normal;\">Les appartements de notre ferme avec chevaux est un v\u00e9ritable concentr\u00e9 de la Toscane<\/h2><\/div><div class=\"uvc-sub-heading ult-responsive\"  data-ultimate-target='.uvc-heading.ultimate-heading-970369fc92ea52d91 .uvc-sub-heading '  data-responsive-json-new='{\"font-size\":\"\",\"line-height\":\"\"}'  style=\"font-weight:normal;\"><\/p>\n<p>Si pour vos vacances \u00e0 cheval, vous avez choisi comme destination la Toscane, il n&rsquo;y a pas d&rsquo;autre endroit comme la Ferme Belmonte Vacanze Montaione, o\u00f9 vous trovez le Ranch Riding Tuscany. Poutres en bois romantiques, grands espaces de jeux et de repos, meubles artisanaux qui rappellent le style des anciennes fermes de la campagne toscane. Et hors de la fen\u00eatre <strong>une vue magnifique sur les collines et sur les oliviers, les vignobles et les sentiers<\/strong> qui serpentent d&rsquo;ici jusqu\u2019\u00e0 <strong>Volterra et San Gimignano<\/strong>. Ce sont les <strong>appartements de la ferme avec centre d&rsquo;\u00e9quitation en Toscane Belmonte Vacanze de Montaione<\/strong>. Un petit r\u00eave \u00e0 port\u00e9e de main.<\/p>\n<p><\/div><\/div><div class=\"ult-spacer spacer-69fc92ea52ec1\" data-id=\"69fc92ea52ec1\" data-height=\"30\" data-height-mobile=\"20\" data-height-tab=\"30\" data-height-tab-portrait=\"20\" data-height-mobile-landscape=\"20\" style=\"clear:both;display:block;\"><\/div>[vc_gallery type=\u00a0\u00bbimage_grid\u00a0\u00bb images=\u00a0\u00bb5083,5082,5081,5080&Prime; img_size=\u00a0\u00bb258&#215;171&Prime;]<div class=\"ult-spacer spacer-69fc92ea52f1e\" data-id=\"69fc92ea52f1e\" data-height=\"30\" data-height-mobile=\"20\" data-height-tab=\"30\" data-height-tab-portrait=\"20\" data-height-mobile-landscape=\"20\" style=\"clear:both;display:block;\"><\/div><div id=\"ultimate-heading-736769fc92ea52f76\" class=\"uvc-heading ult-adjust-bottom-margin ultimate-heading-736769fc92ea52f76 uvc-5257 \" data-hspacer=\"no_spacer\"  data-halign=\"center\" style=\"text-align:center\"><div class=\"uvc-heading-spacer no_spacer\" style=\"top\"><\/div><div class=\"uvc-main-heading ult-responsive\"  data-ultimate-target='.uvc-heading.ultimate-heading-736769fc92ea52f76 h2'  data-responsive-json-new='{\"font-size\":\"\",\"line-height\":\"\"}' ><h2 style=\"font-weight:normal;\">Une piscine panoramique de r\u00eave<\/h2><\/div><div class=\"uvc-sub-heading ult-responsive\"  data-ultimate-target='.uvc-heading.ultimate-heading-736769fc92ea52f76 .uvc-sub-heading '  data-responsive-json-new='{\"font-size\":\"\",\"line-height\":\"\"}'  style=\"font-weight:normal;\">Aucune autre ferme b\u00e9n\u00e9ficie d&rsquo;une belle et grande piscine comme celle de la ferme Belmonte Vacanze. Venez voir ce que signifie nager en pleine nature sauvage, entre les buissons d&rsquo;herbes aromatiques et les oliviers, encore mieux au coucher du soleil, quand le paysage enchanteur des collines toscanes vire au rose, et tout autour de vous, il y aura seulement le silence de la nuit.<\/p>\n<p><a class=\"stm_button_link\" style=\"font-weight: 400; font-style: italic; border-style: solid; outline-style: solid; margin-top: 12px;\" href=\"http:\/\/www.belmontevacanze.com\/fr\/\" target=\"_blank\" rel=\"noopener noreferrer\"><span class=\"stm_button-link_text\">D\u00e9couvrez nos offres de vacances<\/span><\/a><\/div><\/div>[vc_gallery interval=\u00a0\u00bb3&Prime; images=\u00a0\u00bb5084,5085,5086,5087&Prime; img_size=\u00a0\u00bb800&#215;600&Prime;][\/vc_column][\/vc_row][vc_row gap=\u00a0\u00bb10&Prime;][vc_column]<div id=\"ultimate-heading-927269fc92ea53042\" class=\"uvc-heading ult-adjust-bottom-margin ultimate-heading-927269fc92ea53042 uvc-7575 \" data-hspacer=\"no_spacer\"  data-halign=\"center\" style=\"text-align:center\"><div class=\"uvc-heading-spacer no_spacer\" style=\"top\"><\/div><div class=\"uvc-main-heading ult-responsive\"  data-ultimate-target='.uvc-heading.ultimate-heading-927269fc92ea53042 h2'  data-responsive-json-new='{\"font-size\":\"\",\"line-height\":\"\"}' ><h2 style=\"font-weight:normal;\">Des prix<\/h2><\/div><\/div><div class=\"stm_dish has-photo has-sticky\"><div class=\"stm_dish_in\"><div class=\"stm_dish-column __small\"><div class=\"stm_dish-column_in\"><div class=\"stm_dish_sticker\"><span class=\"dish-sticker_text\">pour 2 personnes<\/span><\/div><img loading=\"lazy\" decoding=\"async\" width=\"80\" height=\"80\" src=\"https:\/\/www.ridingtuscany.com\/wp-content\/uploads\/2020\/11\/panorama-Belmonte-vacanze-1030x579-1-80x80.jpg\" class=\"stm_dish_photo wp-post-image\" alt=\"\" srcset=\"https:\/\/www.ridingtuscany.com\/wp-content\/uploads\/2020\/11\/panorama-Belmonte-vacanze-1030x579-1-80x80.jpg 80w, https:\/\/www.ridingtuscany.com\/wp-content\/uploads\/2020\/11\/panorama-Belmonte-vacanze-1030x579-1-150x150.jpg 150w, https:\/\/www.ridingtuscany.com\/wp-content\/uploads\/2020\/11\/panorama-Belmonte-vacanze-1030x579-1-450x450.jpg 450w\" sizes=\"auto, (max-width: 80px) 100vw, 80px\" \/><div class=\"sdish-photo_overlay\"><div class=\"sdish-overlay_table\"><a href=https:\/\/www.ridingtuscany.com\/wp-content\/uploads\/2020\/11\/panorama-Belmonte-vacanze-1030x579-1.jpg class=\"sdish-overlay_cell stm_dish-photo_link js-fancybox\"><svg version=\"1.1\" xmlns=\"http:\/\/www.w3.org\/2000\/svg\" xmlns:xlink=\"http:\/\/www.w3.org\/1999\/xlink\" x=\"0px\" y=\"0px\" width=\"22px\" height=\"22px\"\n\t\t\t\t\t\t\t\t\t\t viewBox=\"0 0 22 22\" enable-background=\"new 0 0 22 22\" xml:space=\"preserve\">\n\t\t\t\t\t\t\t\t\t\t<g>\n\t\t\t\t\t\t\t\t\t\t\t<g>\n\t\t\t\t\t\t\t\t\t\t\t\t<path fill=\"#FFFFFF\" d=\"M6.962,12.328l-3.928,4.074l-2.64-3.268v8.47h8.445l-3.258-2.647l4.063-3.94L6.962,12.328z M13.162,0.396\n\t\t\t\t\t\t\t\t\t\t\t\t\tl3.222,2.616l-4.06,3.938l2.68,2.688l3.932-4.076l2.671,3.303v-8.47H13.162z\"\/>\n\t\t\t\t\t\t\t\t\t\t\t<\/g>\n\t\t\t\t\t\t\t\t\t\t<\/g>\n\t\t\t\t\t\t\t\t\t<\/svg><\/a><\/div><\/div><\/div><\/div><div class=\"stm_dish-column __large\"><div class=\"stm_dish-header\"><span class=\"stm_dish_name\">Week-end oenogastronomique \u00e0 cheval<\/span><span class=\"stm_dots\"><\/span><span class=\"stm_dish_cost\">\u00e0 partir de 490\u20ac <\/span><\/div><div class=\"stm_dish-content\">S\u00e9jour de 2 nuits dans un appartement \u00e0 la ferme Belmonte Vacanze; randonn\u00e9e \u00e0 cheval d'une heure pour 2 personnes; 2 petits-d\u00e9jeuners et d\u00eeners typiquement toscans pour les deux jours au restaurant de la ferme\u00a0 Nonna Bianca(2 personnes minimum)<\/div><\/div><\/div><\/div><div class=\"stm_dish has-photo has-sticky\"><div class=\"stm_dish_in\"><div class=\"stm_dish-column __small\"><div class=\"stm_dish-column_in\"><div class=\"stm_dish_sticker\"><span class=\"dish-sticker_text\">pour 2 personnes<\/span><\/div><img loading=\"lazy\" decoding=\"async\" width=\"80\" height=\"80\" src=\"https:\/\/www.ridingtuscany.com\/wp-content\/uploads\/2020\/11\/font.block_.3-1030x687-1-80x80.jpg\" class=\"stm_dish_photo wp-post-image\" alt=\"\" srcset=\"https:\/\/www.ridingtuscany.com\/wp-content\/uploads\/2020\/11\/font.block_.3-1030x687-1-80x80.jpg 80w, https:\/\/www.ridingtuscany.com\/wp-content\/uploads\/2020\/11\/font.block_.3-1030x687-1-150x150.jpg 150w, https:\/\/www.ridingtuscany.com\/wp-content\/uploads\/2020\/11\/font.block_.3-1030x687-1-450x450.jpg 450w\" sizes=\"auto, (max-width: 80px) 100vw, 80px\" \/><div class=\"sdish-photo_overlay\"><div class=\"sdish-overlay_table\"><a href=https:\/\/www.ridingtuscany.com\/wp-content\/uploads\/2020\/11\/font.block_.3-1030x687-1.jpg class=\"sdish-overlay_cell stm_dish-photo_link js-fancybox\"><svg version=\"1.1\" xmlns=\"http:\/\/www.w3.org\/2000\/svg\" xmlns:xlink=\"http:\/\/www.w3.org\/1999\/xlink\" x=\"0px\" y=\"0px\" width=\"22px\" height=\"22px\"\n\t\t\t\t\t\t\t\t\t\t viewBox=\"0 0 22 22\" enable-background=\"new 0 0 22 22\" xml:space=\"preserve\">\n\t\t\t\t\t\t\t\t\t\t<g>\n\t\t\t\t\t\t\t\t\t\t\t<g>\n\t\t\t\t\t\t\t\t\t\t\t\t<path fill=\"#FFFFFF\" d=\"M6.962,12.328l-3.928,4.074l-2.64-3.268v8.47h8.445l-3.258-2.647l4.063-3.94L6.962,12.328z M13.162,0.396\n\t\t\t\t\t\t\t\t\t\t\t\t\tl3.222,2.616l-4.06,3.938l2.68,2.688l3.932-4.076l2.671,3.303v-8.47H13.162z\"\/>\n\t\t\t\t\t\t\t\t\t\t\t<\/g>\n\t\t\t\t\t\t\t\t\t\t<\/g>\n\t\t\t\t\t\t\t\t\t<\/svg><\/a><\/div><\/div><\/div><\/div><div class=\"stm_dish-column __large\"><div class=\"stm_dish-header\"><span class=\"stm_dish_name\">Semaine \u00e0 cheval<\/span><span class=\"stm_dots\"><\/span><span class=\"stm_dish_cost\">\u00e0 partir de 1190\u20ac  <\/span><\/div><div class=\"stm_dish-content\">S\u00e9jour de 7 nuits dans un appartement de deux pi\u00e8ces \u00e0 la ferme Belmonte Vacanze; 3 jours de trekking (2 heures par jour \u00e0 cheval par personne pour un total de 12 heures)<\/div><\/div><\/div><\/div><div class=\"stm_dish has-photo has-sticky\"><div class=\"stm_dish_in\"><div class=\"stm_dish-column __small\"><div class=\"stm_dish-column_in\"><div class=\"stm_dish_sticker\"><span class=\"dish-sticker_text\">pour 2 personnes<\/span><\/div><img loading=\"lazy\" decoding=\"async\" width=\"80\" height=\"80\" src=\"https:\/\/www.ridingtuscany.com\/wp-content\/uploads\/2015\/05\/tuscany.farm_.holidays-1-80x80.jpg\" class=\"stm_dish_photo wp-post-image\" alt=\"\" srcset=\"https:\/\/www.ridingtuscany.com\/wp-content\/uploads\/2015\/05\/tuscany.farm_.holidays-1-80x80.jpg 80w, https:\/\/www.ridingtuscany.com\/wp-content\/uploads\/2015\/05\/tuscany.farm_.holidays-1-150x150.jpg 150w, https:\/\/www.ridingtuscany.com\/wp-content\/uploads\/2015\/05\/tuscany.farm_.holidays-1-450x450.jpg 450w\" sizes=\"auto, (max-width: 80px) 100vw, 80px\" \/><div class=\"sdish-photo_overlay\"><div class=\"sdish-overlay_table\"><a href=https:\/\/www.ridingtuscany.com\/wp-content\/uploads\/2015\/05\/tuscany.farm_.holidays-1.jpg class=\"sdish-overlay_cell stm_dish-photo_link js-fancybox\"><svg version=\"1.1\" xmlns=\"http:\/\/www.w3.org\/2000\/svg\" xmlns:xlink=\"http:\/\/www.w3.org\/1999\/xlink\" x=\"0px\" y=\"0px\" width=\"22px\" height=\"22px\"\n\t\t\t\t\t\t\t\t\t\t viewBox=\"0 0 22 22\" enable-background=\"new 0 0 22 22\" xml:space=\"preserve\">\n\t\t\t\t\t\t\t\t\t\t<g>\n\t\t\t\t\t\t\t\t\t\t\t<g>\n\t\t\t\t\t\t\t\t\t\t\t\t<path fill=\"#FFFFFF\" d=\"M6.962,12.328l-3.928,4.074l-2.64-3.268v8.47h8.445l-3.258-2.647l4.063-3.94L6.962,12.328z M13.162,0.396\n\t\t\t\t\t\t\t\t\t\t\t\t\tl3.222,2.616l-4.06,3.938l2.68,2.688l3.932-4.076l2.671,3.303v-8.47H13.162z\"\/>\n\t\t\t\t\t\t\t\t\t\t\t<\/g>\n\t\t\t\t\t\t\t\t\t\t<\/g>\n\t\t\t\t\t\t\t\t\t<\/svg><\/a><\/div><\/div><\/div><\/div><div class=\"stm_dish-column __large\"><div class=\"stm_dish-header\"><span class=\"stm_dish_name\">Semaine oenogastronomique \u00e0 cheval<\/span><span class=\"stm_dots\"><\/span><span class=\"stm_dish_cost\">\u00e0 partir de 1790\u20ac <\/span><\/div><div class=\"stm_dish-content\">S\u00e9jour de 7 nuits dans un appartement de la ferme Belmonte Vacanze; 3 jours de trekking (1,5 heures par jour \u00e0 cheval pour un total de 9 heures); service demi-pension (petit-d\u00e9jeuner et d\u00eener avec un menu typiquement toscan) au restaurant Belmonte Nonna Bianca (minimum 2 personnes).<\/div><\/div><\/div><\/div><\/div>[\/vc_column][\/vc_row]<\/p>\n<\/div>","protected":false},"excerpt":{"rendered":"<p>[vc_section full_height=\u00a0\u00bbyes\u00a0\u00bb css=\u00a0\u00bb.vc_custom_1610621550796{background-image: url(https:\/\/www.ridingtuscany.com\/wp-content\/uploads\/2015\/05\/apartments.jpg?id=5074) !important;background-position: center !important;background-repeat: no-repeat !important;background-size: cover !important;}\u00a0\u00bb][vc_row][vc_column][vc_column_text] O\u00f9 dormir La dolce vita in Toscana [\/vc_column_text][vc_btn title=\u00a0\u00bbwww.belmontevacanze.com\u00a0\u00bb [&hellip;]<\/p>\n","protected":false},"author":1,"featured_media":0,"parent":0,"menu_order":0,"comment_status":"closed","ping_status":"open","template":"","meta":{"footnotes":""},"class_list":["post-5072","page","type-page","status-publish","hentry","comments-closed"],"_links":{"self":[{"href":"https:\/\/www.ridingtuscany.com\/fr\/wp-json\/wp\/v2\/pages\/5072\/"}],"collection":[{"href":"https:\/\/www.ridingtuscany.com\/fr\/wp-json\/wp\/v2\/pages\/"}],"about":[{"href":"https:\/\/www.ridingtuscany.com\/fr\/wp-json\/wp\/v2\/types\/page\/"}],"author":[{"embeddable":true,"href":"https:\/\/www.ridingtuscany.com\/fr\/wp-json\/wp\/v2\/users\/1\/"}],"replies":[{"embeddable":true,"href":"https:\/\/www.ridingtuscany.com\/fr\/wp-json\/wp\/v2\/comments\/?post=5072"}],"version-history":[{"count":21,"href":"https:\/\/www.ridingtuscany.com\/fr\/wp-json\/wp\/v2\/pages\/5072\/revisions\/"}],"predecessor-version":[{"id":7803,"href":"https:\/\/www.ridingtuscany.com\/fr\/wp-json\/wp\/v2\/pages\/5072\/revisions\/7803\/"}],"wp:attachment":[{"href":"https:\/\/www.ridingtuscany.com\/fr\/wp-json\/wp\/v2\/media\/?parent=5072"}],"curies":[{"name":"wp","href":"https:\/\/api.w.org\/{rel}","templated":true}]}}