{"id":5091,"date":"2016-03-03T21:37:48","date_gmt":"2016-03-03T20:37:48","guid":{"rendered":"https:\/\/www.ridingtuscany.com\/fr\/?page_id=5091"},"modified":"2025-05-31T11:32:19","modified_gmt":"2025-05-31T10:32:19","slug":"enfants-a-cheval","status":"publish","type":"page","link":"https:\/\/www.ridingtuscany.com\/fr\/enfants-a-cheval\/","title":{"rendered":"Enfants \u00e0 cheval"},"content":{"rendered":"<div class=\"wpb-content-wrapper\"><p>[vc_row bg_type=\u00a0\u00bbbg_color\u00a0\u00bb bg_override=\u00a0\u00bbex-full\u00a0\u00bb css=\u00a0\u00bb.vc_custom_1420629489209{padding-top: 100px !important;padding-bottom: 60px !important;}\u00a0\u00bb stm_row_separator_repeat=\u00a0\u00bbrepeat\u00a0\u00bb bg_color_value=\u00a0\u00bb#ffffff\u00a0\u00bb][vc_column width=\u00a0\u00bb1\/2&Prime;]<div id=\"ultimate-heading-47769d5d5254439a\" class=\"uvc-heading ult-adjust-bottom-margin ultimate-heading-47769d5d5254439a uvc-6683 \" data-hspacer=\"no_spacer\"  data-halign=\"center\" style=\"text-align:center\"><div class=\"uvc-heading-spacer no_spacer\" style=\"top\"><\/div><div class=\"uvc-main-heading ult-responsive\"  data-ultimate-target='.uvc-heading.ultimate-heading-47769d5d5254439a h2'  data-responsive-json-new='{\"font-size\":\"desktop:60px;\",\"line-height\":\"desktop:54px;\"}' ><h2 style=\"font-weight:normal;color:#000000;margin-bottom:24px;\">Offrez \u00e0 vos enfants une aventure inoubliable en Toscane<\/h2><\/div><div class=\"uvc-sub-heading ult-responsive\"  data-ultimate-target='.uvc-heading.ultimate-heading-47769d5d5254439a .uvc-sub-heading '  data-responsive-json-new='{\"font-size\":\"desktop:14px;\",\"line-height\":\"desktop:24px;\"}'  style=\"font-weight:normal;color:#000000;\"> Au Riding Tuscany Ranch, votre enfant pourra faire ses premiers pas dans le monde de l&rsquo;\u00e9quitation.<br \/>\nL&rsquo;exp\u00e9rience d&rsquo;une heure sera divis\u00e9e en deux parties.<\/p>\n<p>La premi\u00e8re partie se d\u00e9roulera au sol et sera consacr\u00e9e \u00e0 l&rsquo;importante activit\u00e9 de nettoyage et de sellerie (Grooming ou gestion des mains) n\u00e9cessaire pour se familiariser avec l&rsquo;\u00e9quid\u00e9 et saisir son humeur.<\/p>\n<p>La deuxi\u00e8me partie se d\u00e9roulera en selle, une fois les bases acquises vous pourrez faire une promenade \u00e0 l&rsquo;int\u00e9rieur de notre propri\u00e9t\u00e9 avec un moniteur \u00e0 vos c\u00f4t\u00e9s.<\/p>\n<p><\/div><\/div>[\/vc_column][vc_column width=\u00a0\u00bb1\/2&Prime;][vc_single_image image=\u00a0\u00bb6079&Prime; img_size=\u00a0\u00bb570&#215;400&Prime; alignment=\u00a0\u00bbcenter\u00a0\u00bb][\/vc_column][\/vc_row][vc_row stm_row_separator_bottom=\u00a0\u00bbenable\u00a0\u00bb stm_row_separator_bottom_color=\u00a0\u00bb#ebe4d5&Prime; bg_type=\u00a0\u00bbbg_color\u00a0\u00bb bg_override=\u00a0\u00bbex-full\u00a0\u00bb stm_row_separator_repeat=\u00a0\u00bbrepeat\u00a0\u00bb bg_color_value=\u00a0\u00bb#ebe4d5&Prime; css=\u00a0\u00bb.vc_custom_1426433166474{padding-top: 100px !important;padding-bottom: 83px !important;}\u00a0\u00bb][vc_column width=\u00a0\u00bb1\/2&Prime;][vc_gallery interval=\u00a0\u00bb0&Prime; images=\u00a0\u00bb6202,6302,6297&Prime; img_size=\u00a0\u00bb570&#215;400&Prime; el_class=\u00a0\u00bbdisable-caption\u00a0\u00bb][\/vc_column][vc_column width=\u00a0\u00bb1\/2&Prime;]<div id=\"ultimate-heading-194369d5d52544462\" class=\"uvc-heading ult-adjust-bottom-margin ultimate-heading-194369d5d52544462 uvc-7203 \" data-hspacer=\"no_spacer\"  data-halign=\"center\" style=\"text-align:center\"><div class=\"uvc-heading-spacer no_spacer\" style=\"top\"><\/div><div class=\"uvc-main-heading ult-responsive\"  data-ultimate-target='.uvc-heading.ultimate-heading-194369d5d52544462 h2'  data-responsive-json-new='{\"font-size\":\"\",\"line-height\":\"\"}' ><h2 style=\"font-weight:normal;\">Le bapt\u00eame de la selle<\/h2><\/div><\/div>Le bapt\u00eame de la selle, <strong>la premi\u00e8re exp\u00e9rience sur un cheval<\/strong>, est un moment magique, <strong>un moment que vos enfants se souviendront toujours<\/strong>.<\/p>\n<p>Le bapt\u00eame de la selle se fait sur des poneys ou des chevaux (au choix), et l&rsquo;exp\u00e9rience dure environ 40 minutes. Il comprend une prise de confiance avec le poney ou le cheval, suivi d&rsquo;une balade. Chaque enfant sera accompagn\u00e9 \u00e0 pied par un moniteur.<\/p>\n<p>A noter : le bapt\u00eame est r\u00e9serv\u00e9 aux enfants \u00e0 partir de 3 ans.<\/p>\n<\/div>","protected":false},"excerpt":{"rendered":"<p>[vc_row bg_type=\u00a0\u00bbbg_color\u00a0\u00bb bg_override=\u00a0\u00bbex-full\u00a0\u00bb css=\u00a0\u00bb.vc_custom_1420629489209{padding-top: 100px !important;padding-bottom: 60px !important;}\u00a0\u00bb stm_row_separator_repeat=\u00a0\u00bbrepeat\u00a0\u00bb bg_color_value=\u00a0\u00bb#ffffff\u00a0\u00bb][vc_column width=\u00a0\u00bb1\/2&Prime;][\/vc_column][vc_column width=\u00a0\u00bb1\/2&Prime;][vc_single_image image=\u00a0\u00bb6079&Prime; img_size=\u00a0\u00bb570&#215;400&Prime; alignment=\u00a0\u00bbcenter\u00a0\u00bb][\/vc_column][\/vc_row][vc_row stm_row_separator_bottom=\u00a0\u00bbenable\u00a0\u00bb stm_row_separator_bottom_color=\u00a0\u00bb#ebe4d5&Prime; bg_type=\u00a0\u00bbbg_color\u00a0\u00bb bg_override=\u00a0\u00bbex-full\u00a0\u00bb stm_row_separator_repeat=\u00a0\u00bbrepeat\u00a0\u00bb [&hellip;]<\/p>\n","protected":false},"author":1,"featured_media":5115,"parent":0,"menu_order":0,"comment_status":"closed","ping_status":"closed","template":"","meta":{"footnotes":""},"class_list":["post-5091","page","type-page","status-publish","has-post-thumbnail","hentry","has-thumbnail","comments-closed"],"_links":{"self":[{"href":"https:\/\/www.ridingtuscany.com\/fr\/wp-json\/wp\/v2\/pages\/5091\/"}],"collection":[{"href":"https:\/\/www.ridingtuscany.com\/fr\/wp-json\/wp\/v2\/pages\/"}],"about":[{"href":"https:\/\/www.ridingtuscany.com\/fr\/wp-json\/wp\/v2\/types\/page\/"}],"author":[{"embeddable":true,"href":"https:\/\/www.ridingtuscany.com\/fr\/wp-json\/wp\/v2\/users\/1\/"}],"replies":[{"embeddable":true,"href":"https:\/\/www.ridingtuscany.com\/fr\/wp-json\/wp\/v2\/comments\/?post=5091"}],"version-history":[{"count":33,"href":"https:\/\/www.ridingtuscany.com\/fr\/wp-json\/wp\/v2\/pages\/5091\/revisions\/"}],"predecessor-version":[{"id":8154,"href":"https:\/\/www.ridingtuscany.com\/fr\/wp-json\/wp\/v2\/pages\/5091\/revisions\/8154\/"}],"wp:featuredmedia":[{"embeddable":true,"href":"https:\/\/www.ridingtuscany.com\/fr\/wp-json\/wp\/v2\/media\/5115\/"}],"wp:attachment":[{"href":"https:\/\/www.ridingtuscany.com\/fr\/wp-json\/wp\/v2\/media\/?parent=5091"}],"curies":[{"name":"wp","href":"https:\/\/api.w.org\/{rel}","templated":true}]}}