{"id":5116,"date":"2016-03-03T21:41:49","date_gmt":"2016-03-03T20:41:49","guid":{"rendered":"https:\/\/www.ridingtuscany.com\/fr\/?page_id=5116"},"modified":"2024-02-09T11:05:22","modified_gmt":"2024-02-09T10:05:22","slug":"contacts","status":"publish","type":"page","link":"https:\/\/www.ridingtuscany.com\/fr\/contacts\/","title":{"rendered":"contacts"},"content":{"rendered":"<div class=\"wpb-content-wrapper\"><p>[vc_row bg_type=\u00a0\u00bbno_bg\u00a0\u00bb css=\u00a0\u00bb.vc_custom_1432549689252{margin-bottom: 30px !important;padding-bottom: 50px !important;}\u00a0\u00bb][vc_column]<div id=\"ultimate-heading-737369f6348817e10\" class=\"uvc-heading ult-adjust-bottom-margin ultimate-heading-737369f6348817e10 uvc-1145 \" data-hspacer=\"no_spacer\"  data-halign=\"center\" style=\"text-align:center\"><div class=\"uvc-heading-spacer no_spacer\" style=\"top\"><\/div><div class=\"uvc-main-heading ult-responsive\"  data-ultimate-target='.uvc-heading.ultimate-heading-737369f6348817e10 h2'  data-responsive-json-new='{\"font-size\":\"\",\"line-height\":\"\"}' ><h2 style=\"font-weight:normal;\">Une \u00e9cole d'\u00e9quitation dans le coeur de la Toscane, entre San Gimignano et Volterra<\/h2><\/div><div class=\"uvc-sub-heading ult-responsive\"  data-ultimate-target='.uvc-heading.ultimate-heading-737369f6348817e10 .uvc-sub-heading '  data-responsive-json-new='{\"font-size\":\"\",\"line-height\":\"\"}'  style=\"font-weight:normal;\">Le <strong>Ranch Riding Toscany<\/strong>, le centre \u00e9questre de la <strong>ferme avec \u00e9curies Belmonte Vacanze en Toscane<\/strong>, est situ\u00e9 \u00e0 Montaione, une charmant village dans la campagne toscane o\u00f9 vous pouvez organiser vos vacances \u00e0 cheval, des le\u00e7ons d&rsquo;\u00e9quitation et des activit\u00e9s pour les enfants dans un cadre d&rsquo;une beaut\u00e9 unique, loin des routes touristiques habituelles.<\/p>\n<p>De l\u00e0, en moins de 30 minutes, vous pouvez visiter Volterra et San Gimignano.<\/p>\n<p>La ferme Belmonte Vacanze est situ\u00e9e dans la <strong>r\u00e9gion du Chianti Classico<\/strong>, caract\u00e9ris\u00e9 par des vues uniques de la Toscane, o\u00f9 le paysage est diff\u00e9rent de tous les autres parties de la Toscane.<\/p>\n<p>De nos \u00e9curies \u00e0 Montaione vous pouvez <strong>traverser \u00e0 cheval diff\u00e9rents sc\u00e9narios<\/strong>, entre les champs de tournesols, de vignes et d&rsquo;oliviers sans fin, les bois sauvages, les terres grises de les Crete Senesi et les typiques ravines qui rappellent le Grand Canyon.<\/div><\/div>[\/vc_column][\/vc_row][vc_row css_animation=\u00a0\u00bbbounceIn\u00a0\u00bb h2=\u00a0\u00bbA cavallo in sicurezza!\u00a0\u00bb use_custom_fonts_h2=\u00a0\u00bbtrue\u00a0\u00bb h2_font_container=\u00a0\u00bbfont_size:45|line_height:1&Prime; h2_use_theme_fonts=\u00a0\u00bb\u00a0\u00bb h2_google_fonts=\u00a0\u00bbfont_family:Abril%20Fatface%3Aregular|font_style:400%20regular%3A400%3Anormal\u00a0\u00bb h2_css_animation=\u00a0\u00bb\u00a0\u00bb h4=\u00a0\u00bbLavoriamo con passione per farvi vivere un&rsquo;esperienza senza pensieri.\u00a0\u00bb use_custom_fonts_h4=\u00a0\u00bb\u00a0\u00bb h4_font_container=\u00a0\u00bb\u00a0\u00bb h4_use_theme_fonts=\u00a0\u00bb\u00a0\u00bb h4_google_fonts=\u00a0\u00bbfont_family:Abril%20Fatface%3Aregular|font_style:400%20regular%3A400%3Anormal\u00a0\u00bb h4_css_animation=\u00a0\u00bb\u00a0\u00bb txt_align=\u00a0\u00bbcenter\u00a0\u00bb shape=\u00a0\u00bbrounded\u00a0\u00bb style=\u00a0\u00bboutline\u00a0\u00bb color=\u00a0\u00bbjuicy-pink\u00a0\u00bb el_width=\u00a0\u00bblg\u00a0\u00bb add_button=\u00a0\u00bb\u00a0\u00bb btn_title=\u00a0\u00bbTesto sul pulsante\u00a0\u00bb btn_style=\u00a0\u00bbmodern\u00a0\u00bb btn_gradient_color_1=\u00a0\u00bbturquoise\u00a0\u00bb btn_gradient_color_2=\u00a0\u00bbblue\u00a0\u00bb btn_gradient_custom_color_1=\u00a0\u00bb#dd3333&Prime; btn_gradient_custom_color_2=\u00a0\u00bb#eeee22&Prime; btn_gradient_text_color=\u00a0\u00bb#ffffff\u00a0\u00bb btn_custom_background=\u00a0\u00bb#ededed\u00a0\u00bb btn_custom_text=\u00a0\u00bb#666&Prime; btn_outline_custom_color=\u00a0\u00bb#666&Prime; btn_outline_custom_hover_background=\u00a0\u00bb#666&Prime; btn_outline_custom_hover_text=\u00a0\u00bb#fff\u00a0\u00bb btn_shape=\u00a0\u00bbrounded\u00a0\u00bb btn_color=\u00a0\u00bbgrey\u00a0\u00bb btn_size=\u00a0\u00bbmd\u00a0\u00bb btn_align=\u00a0\u00bbinline\u00a0\u00bb btn_button_block=\u00a0\u00bb\u00a0\u00bb btn_add_icon=\u00a0\u00bb\u00a0\u00bb btn_i_align=\u00a0\u00bbleft\u00a0\u00bb btn_i_type=\u00a0\u00bbfontawesome\u00a0\u00bb btn_i_icon_fontawesome=\u00a0\u00bbfas fa-adjust\u00a0\u00bb btn_i_icon_openiconic=\u00a0\u00bbvc-oi vc-oi-dial\u00a0\u00bb btn_i_icon_typicons=\u00a0\u00bbtypcn typcn-adjust-brightness\u00a0\u00bb btn_i_icon_entypo=\u00a0\u00bbentypo-icon entypo-icon-note\u00a0\u00bb btn_i_icon_linecons=\u00a0\u00bbvc_li vc_li-heart\u00a0\u00bb btn_i_icon_monosocial=\u00a0\u00bbvc-mono vc-mono-fivehundredpx\u00a0\u00bb btn_i_icon_material=\u00a0\u00bbvc-material vc-material-cake\u00a0\u00bb btn_i_icon_pixelicons=\u00a0\u00bbvc_pixel_icon vc_pixel_icon-alert\u00a0\u00bb btn_css_animation=\u00a0\u00bb\u00a0\u00bb btn_custom_onclick=\u00a0\u00bb\u00a0\u00bb add_icon=\u00a0\u00bbtop\u00a0\u00bb i_on_border=\u00a0\u00bb\u00a0\u00bb i_type=\u00a0\u00bbfontawesome\u00a0\u00bb i_icon_fontawesome=\u00a0\u00bbfas fa-heart\u00a0\u00bb i_icon_openiconic=\u00a0\u00bbvc-oi vc-oi-dial\u00a0\u00bb i_icon_typicons=\u00a0\u00bbtypcn typcn-adjust-brightness\u00a0\u00bb i_icon_entypo=\u00a0\u00bbentypo-icon entypo-icon-note\u00a0\u00bb i_icon_linecons=\u00a0\u00bbvc_li vc_li-heart\u00a0\u00bb i_icon_monosocial=\u00a0\u00bbvc-mono vc-mono-fivehundredpx\u00a0\u00bb i_icon_material=\u00a0\u00bbvc-material vc-material-cake\u00a0\u00bb i_color=\u00a0\u00bbjuicy_pink\u00a0\u00bb i_background_style=\u00a0\u00bbrounded\u00a0\u00bb i_background_color=\u00a0\u00bbgrey\u00a0\u00bb i_size=\u00a0\u00bblg\u00a0\u00bb i_css_animation=\u00a0\u00bb\u00a0\u00bb h2_link=\u00a0\u00bb\u00a0\u00bb h2_el_id=\u00a0\u00bb\u00a0\u00bb h2_el_class=\u00a0\u00bb\u00a0\u00bb h4_link=\u00a0\u00bb\u00a0\u00bb h4_el_id=\u00a0\u00bb\u00a0\u00bb h4_el_class=\u00a0\u00bb\u00a0\u00bb custom_background=\u00a0\u00bb\u00a0\u00bb custom_text=\u00a0\u00bb\u00a0\u00bb btn_link=\u00a0\u00bb\u00a0\u00bb btn_el_id=\u00a0\u00bb\u00a0\u00bb btn_el_class=\u00a0\u00bb\u00a0\u00bb btn_custom_onclick_code=\u00a0\u00bb\u00a0\u00bb i_custom_color=\u00a0\u00bb\u00a0\u00bb i_custom_background_color=\u00a0\u00bb\u00a0\u00bb i_link=\u00a0\u00bb\u00a0\u00bb i_el_id=\u00a0\u00bb\u00a0\u00bb i_el_class=\u00a0\u00bb\u00a0\u00bb][vc_column][vc_cta h2=\u00a0\u00bbMonter \u00e0 cheval en toute s\u00e9curit\u00e9!\u00a0\u00bb h2_font_container=\u00a0\u00bbfont_size:45|line_height:1&Prime; h4=\u00a0\u00bbNous travaillons avec passion pour vous faire vivre une exp\u00e9rience sans soucis.\u00a0\u00bb txt_align=\u00a0\u00bbcenter\u00a0\u00bb style=\u00a0\u00bboutline\u00a0\u00bb color=\u00a0\u00bbjuicy-pink\u00a0\u00bb el_width=\u00a0\u00bblg\u00a0\u00bb add_icon=\u00a0\u00bbtop\u00a0\u00bb i_icon_fontawesome=\u00a0\u00bbfas fa-heart\u00a0\u00bb i_color=\u00a0\u00bbjuicy_pink\u00a0\u00bb i_background_style=\u00a0\u00bbrounded\u00a0\u00bb i_size=\u00a0\u00bblg\u00a0\u00bb css_animation=\u00a0\u00bbbounceIn\u00a0\u00bb use_custom_fonts_h2=\u00a0\u00bbtrue\u00a0\u00bb]<\/p>\n<p style=\"text-align: center;\"><strong>Activit\u00e9s de plein air, \u00e9loigner, d\u00e9sinfecter tous les \u00e9quipements<\/strong><br \/>\navec lesquels vous allez entrer en contact tels que<br \/>\nselles, brides et casques de protection.<br \/>\nC&rsquo;est ce qui vous attend au Ranch Riding Tuscany.<br \/>\n<strong>Nous suivons tous les protocoles de s\u00e9curit\u00e9 anti-COVID<\/strong> afin de vous garantir une exp\u00e9rience s\u00fbre et inoubliable.<\/p>\n<p>[\/vc_cta][\/vc_column][\/vc_row][vc_row bg_type=\u00a0\u00bbno_bg\u00a0\u00bb css=\u00a0\u00bb.vc_custom_1421920427827{padding-top: 75px !important;}\u00a0\u00bb stm_row_separator_repeat=\u00a0\u00bbrepeat\u00a0\u00bb][vc_column]<div id=\"ultimate-heading-71469f634881819f\" class=\"uvc-heading ult-adjust-bottom-margin ultimate-heading-71469f634881819f uvc-1361 \" data-hspacer=\"line_with_icon\" data-hline_width=\"auto\" data-hicon_type=\"selector\" data-hborder_style=\"solid\" data-hborder_height=\"1\" data-hborder_color=\"#a7781d\" data-icon_width=\"18\" data-hfixer=\"17\"  data-halign=\"center\" style=\"text-align:center\"><div class=\"uvc-main-heading ult-responsive\"  data-ultimate-target='.uvc-heading.ultimate-heading-71469f634881819f h2'  data-responsive-json-new='{\"font-size\":\"desktop:60px;\",\"line-height\":\"\"}' ><h2 style=\"font-weight:normal;color:#000000;margin-bottom:27px;\">contact<\/h2><\/div><div class=\"uvc-sub-heading ult-responsive\"  data-ultimate-target='.uvc-heading.ultimate-heading-71469f634881819f .uvc-sub-heading '  data-responsive-json-new='{\"font-size\":\"\",\"line-height\":\"\"}'  style=\"font-weight:normal;\"><br \/>\n<\/div><div class=\"uvc-heading-spacer line_with_icon\" style=\"margin-bottom:37px;height:18px;\"><div class=\"ult-just-icon-wrapper  \"><div class=\"align-icon\" style=\"text-align:center;\">\n<div class=\"aio-icon none \"  style=\"color:#a7781d;font-size:18px;display:inline-block;\">\n\t<i class=\"icomoon-diamonds\"><\/i>\n<\/div><\/div><\/div><\/div><\/div>[\/vc_column][\/vc_row][vc_row][vc_column width=\u00a0\u00bb1\/2&Prime;]\n<div class=\"wpcf7 no-js\" id=\"wpcf7-f5119-o1\" lang=\"en-US\" dir=\"ltr\" data-wpcf7-id=\"5119\">\n<div class=\"screen-reader-response\"><p role=\"status\" aria-live=\"polite\" aria-atomic=\"true\"><\/p> <ul><\/ul><\/div>\n<form action=\"\/fr\/wp-json\/wp\/v2\/pages\/5116\/#wpcf7-f5119-o1\" method=\"post\" class=\"wpcf7-form init\" aria-label=\"Contact form\" novalidate=\"novalidate\" data-status=\"init\">\n<fieldset class=\"hidden-fields-container\"><input type=\"hidden\" name=\"_wpcf7\" value=\"5119\" \/><input type=\"hidden\" name=\"_wpcf7_version\" value=\"6.1.5\" \/><input type=\"hidden\" name=\"_wpcf7_locale\" value=\"en_US\" \/><input type=\"hidden\" name=\"_wpcf7_unit_tag\" value=\"wpcf7-f5119-o1\" \/><input type=\"hidden\" name=\"_wpcf7_container_post\" value=\"0\" \/><input type=\"hidden\" name=\"_wpcf7_posted_data_hash\" value=\"\" \/><input type=\"hidden\" name=\"_wpcf7_recaptcha_response\" value=\"\" \/>\n<\/fieldset>\n<div class=\"contact-form\">\n\t<div class=\"contact-form_in\">\n\t\t<p class=\"form-field text-field_wrapper\"><label for=\"contact-name\"><span class=\"ic-pen\"><\/span><\/label><span class=\"wpcf7-form-control-wrap\" data-name=\"your-name\"><input size=\"40\" maxlength=\"400\" class=\"wpcf7-form-control wpcf7-text wpcf7-validates-as-required\" id=\"contact-name\" aria-required=\"true\" aria-invalid=\"false\" placeholder=\"Votre nom?\" value=\"\" type=\"text\" name=\"your-name\" \/><\/span>\n\t\t<\/p>\n\t\t<p class=\"form-field text-field_wrapper\"><label for=\"contact-email\"><span class=\"ic-envelope\"><\/span><\/label><span class=\"wpcf7-form-control-wrap\" data-name=\"email\"><input size=\"40\" maxlength=\"400\" class=\"wpcf7-form-control wpcf7-email wpcf7-validates-as-required wpcf7-text wpcf7-validates-as-email\" id=\"contact-email\" aria-required=\"true\" aria-invalid=\"false\" placeholder=\"Votre adresse email?\" value=\"\" type=\"email\" name=\"email\" \/><\/span>\n\t\t<\/p>\n\t\t<p class=\"form-field text-field_wrapper\"><label for=\"contact-subject\"><span class=\"ic-paper\"><\/span><\/label><span class=\"wpcf7-form-control-wrap\" data-name=\"subject\"><input size=\"40\" maxlength=\"400\" class=\"wpcf7-form-control wpcf7-text\" id=\"contact-subject\" aria-invalid=\"false\" placeholder=\"Objet\" value=\"\" type=\"text\" name=\"subject\" \/><\/span>\n\t\t<\/p>\n\t\t<p class=\"form-field big-text-field_wrapper\"><label for=\"contact-message\"><\/label><span class=\"wpcf7-form-control-wrap\" data-name=\"message\"><textarea cols=\"40\" rows=\"10\" maxlength=\"2000\" class=\"wpcf7-form-control wpcf7-textarea\" id=\"contact-message\" aria-invalid=\"false\" placeholder=\"Votre message\" name=\"message\"><\/textarea><\/span>\n\t\t<\/p>\n\t<\/div>\n\t<p class=\"form-field form-field_submit\"><input class=\"wpcf7-form-control wpcf7-submit has-spinner\" type=\"submit\" value=\"Envoyez\" \/>\n\t<\/p>\n<\/div><p style=\"display: none !important;\" class=\"akismet-fields-container\" data-prefix=\"_wpcf7_ak_\"><label>&#916;<textarea name=\"_wpcf7_ak_hp_textarea\" cols=\"45\" rows=\"8\" maxlength=\"100\"><\/textarea><\/label><input type=\"hidden\" id=\"ak_js_1\" name=\"_wpcf7_ak_js\" value=\"209\"\/><script type=\"text\/javascript\">\n\/* <![CDATA[ *\/\ndocument.getElementById( \"ak_js_1\" ).setAttribute( \"value\", ( new Date() ).getTime() );\n\/* ]]> *\/\n<\/script>\n<\/p><div class=\"wpcf7-response-output\" aria-hidden=\"true\"><\/div>\n<\/form>\n<\/div>\n[\/vc_column][vc_column width=\u00a0\u00bb1\/2&Prime;][vc_raw_html]JTNDaWZyYW1lJTIwc3JjJTNEJTIyaHR0cHMlM0ElMkYlMkZ3d3cuZ29vZ2xlLmNvbSUyRm1hcHMlMkZlbWJlZCUzRnBiJTNEJTIxMW0xNCUyMTFtOCUyMTFtMyUyMTFkMTkzMjk0LjU4NTk5MzA2MDc1JTIxMmQxMC44MDQwNjM4NzIwNzk2NzUlMjEzZDQzLjUxNDcwNDEwNTQwMzAxJTIxM20yJTIxMWkxMDI0JTIxMmk3NjglMjE0ZjEzLjElMjEzbTMlMjExbTIlMjExczB4MCUyNTNBMHg4YjE0MzI2M2QzZDE1MWZiJTIxMnNNYW5lZ2dpbyUyNTIwUmlkaW5nVHVzY2FueSUyMTVlMCUyMTNtMiUyMTFzaXQlMjEyc2l0JTIxNHYxNTg4NTk4OTY0OTk3JTIxNW0yJTIxMXNpdCUyMTJzaXQlMjIlMjB3aWR0aCUzRCUyMjEwMCUyNSUyMiUyMGhlaWdodCUzRCUyMjMyMyUyMiUyMGZyYW1lYm9yZGVyJTNEJTIyMCUyMiUyMHN0eWxlJTNEJTIyYm9yZGVyJTNBMCUzQiUyMiUyMGFsbG93ZnVsbHNjcmVlbiUzRCUyMiUyMiUyMGFyaWEtaGlkZGVuJTNEJTIyZmFsc2UlMjIlMjB0YWJpbmRleCUzRCUyMjAlMjIlM0UlM0MlMkZpZnJhbWUlM0U=[\/vc_raw_html]<div class=\"ult-spacer spacer-69f634881d72b\" data-id=\"69f634881d72b\" data-height=\"32\" data-height-mobile=\"32\" data-height-tab=\"32\" data-height-tab-portrait=\"\" data-height-mobile-landscape=\"\" style=\"clear:both;display:block;\"><\/div><div class=\"stm-address\"><div class=\"stm-address_context\">\n\t\t<div class=\"stm-address_text\">\n\t\t\t<p><span data-sheets-value=\"[null,2,&quot;Via Torri 62, 50050 Montaione (FI)&quot;]\" data-sheets-userformat=\"[null,null,771,[null,0],[null,2,14281427],null,null,null,null,null,null,1,0]\">Via Torri 62,<br \/>\n<\/span><span data-sheets-value=\"[null,2,&quot;Via Torri 62, 50050 Montaione (FI)&quot;]\" data-sheets-userformat=\"[null,null,771,[null,0],[null,2,14281427],null,null,null,null,null,null,1,0]\">50050 Montaione (FI)<\/span><\/p>\n\n\t\t<\/div><div class=\"stm-address_relations\"><div class=\"stm-relations_email\"><a href=\"mailto:info@ridingtuscany.com\">info@ridingtuscany.com<\/a><\/div><div class=\"stm-relations_phone\"><span class=\"stm_rphone-number\">+39 3783057310<\/span><\/div><\/div><\/div><\/div>[\/vc_column][\/vc_row]<\/p>\n<\/div>","protected":false},"excerpt":{"rendered":"<p>[vc_row bg_type=\u00a0\u00bbno_bg\u00a0\u00bb css=\u00a0\u00bb.vc_custom_1432549689252{margin-bottom: 30px !important;padding-bottom: 50px !important;}\u00a0\u00bb][vc_column][\/vc_column][\/vc_row][vc_row css_animation=\u00a0\u00bbbounceIn\u00a0\u00bb h2=\u00a0\u00bbA cavallo in sicurezza!\u00a0\u00bb use_custom_fonts_h2=\u00a0\u00bbtrue\u00a0\u00bb h2_font_container=\u00a0\u00bbfont_size:45|line_height:1&Prime; h2_use_theme_fonts=\u00a0\u00bb\u00a0\u00bb h2_google_fonts=\u00a0\u00bbfont_family:Abril%20Fatface%3Aregular|font_style:400%20regular%3A400%3Anormal\u00a0\u00bb h2_css_animation=\u00a0\u00bb\u00a0\u00bb h4=\u00a0\u00bbLavoriamo con passione [&hellip;]<\/p>\n","protected":false},"author":1,"featured_media":5118,"parent":0,"menu_order":0,"comment_status":"closed","ping_status":"closed","template":"","meta":{"footnotes":""},"class_list":["post-5116","page","type-page","status-publish","has-post-thumbnail","hentry","has-thumbnail","comments-closed"],"_links":{"self":[{"href":"https:\/\/www.ridingtuscany.com\/fr\/wp-json\/wp\/v2\/pages\/5116\/"}],"collection":[{"href":"https:\/\/www.ridingtuscany.com\/fr\/wp-json\/wp\/v2\/pages\/"}],"about":[{"href":"https:\/\/www.ridingtuscany.com\/fr\/wp-json\/wp\/v2\/types\/page\/"}],"author":[{"embeddable":true,"href":"https:\/\/www.ridingtuscany.com\/fr\/wp-json\/wp\/v2\/users\/1\/"}],"replies":[{"embeddable":true,"href":"https:\/\/www.ridingtuscany.com\/fr\/wp-json\/wp\/v2\/comments\/?post=5116"}],"version-history":[{"count":8,"href":"https:\/\/www.ridingtuscany.com\/fr\/wp-json\/wp\/v2\/pages\/5116\/revisions\/"}],"predecessor-version":[{"id":7859,"href":"https:\/\/www.ridingtuscany.com\/fr\/wp-json\/wp\/v2\/pages\/5116\/revisions\/7859\/"}],"wp:featuredmedia":[{"embeddable":true,"href":"https:\/\/www.ridingtuscany.com\/fr\/wp-json\/wp\/v2\/media\/5118\/"}],"wp:attachment":[{"href":"https:\/\/www.ridingtuscany.com\/fr\/wp-json\/wp\/v2\/media\/?parent=5116"}],"curies":[{"name":"wp","href":"https:\/\/api.w.org\/{rel}","templated":true}]}}